{"id":1105,"date":"2019-07-09T16:14:09","date_gmt":"2019-07-09T14:14:09","guid":{"rendered":"https:\/\/www.spineguard.com\/dsg-pour-les-professionnels-de-la-sante\/"},"modified":"2021-09-02T09:40:44","modified_gmt":"2021-09-02T07:40:44","slug":"dsg-pour-les-professionnels-de-la-sante","status":"publish","type":"page","link":"https:\/\/www.spineguard.com\/fr\/dsg-pour-les-professionnels-de-la-sante\/","title":{"rendered":"DSG pour les professionnels de la sant\u00e9"},"content":{"rendered":"<p>[et_pb_section fb_built=\u00a0\u00bb1&Prime; _builder_version=\u00a0\u00bb3.26.6&Prime; background_color=\u00a0\u00bb#007082&Prime; use_background_color_gradient=\u00a0\u00bbon\u00a0\u00bb background_color_gradient_start=\u00a0\u00bbrgba(0,112,130,0.52)\u00a0\u00bb background_color_gradient_end=\u00a0\u00bb#007082&Prime; background_color_gradient_direction=\u00a0\u00bb234deg\u00a0\u00bb background_color_gradient_start_position=\u00a0\u00bb15%\u00a0\u00bb background_color_gradient_overlays_image=\u00a0\u00bbon\u00a0\u00bb background_image=\u00a0\u00bbhttps:\/\/www.spineguard.com\/wp-content\/uploads\/bg-hexagone.svg\u00a0\u00bb background_position=\u00a0\u00bbbottom_right\u00a0\u00bb custom_margin=\u00a0\u00bb||0px|||\u00a0\u00bb custom_padding=\u00a0\u00bb100px||90px||false|false\u00a0\u00bb bottom_divider_style=\u00a0\u00bbasymmetric3&Prime; bottom_divider_color=\u00a0\u00bb#ffffff\u00a0\u00bb locked=\u00a0\u00bboff\u00a0\u00bb global_colors_info=\u00a0\u00bb{}\u00a0\u00bb][et_pb_row make_equal=\u00a0\u00bbon\u00a0\u00bb _builder_version=\u00a0\u00bb3.26.3&Prime; custom_margin=\u00a0\u00bb-6px|auto||auto||\u00a0\u00bb custom_padding=\u00a0\u00bb0px||0px|||\u00a0\u00bb global_colors_info=\u00a0\u00bb{}\u00a0\u00bb][et_pb_column type=\u00a0\u00bb4_4&Prime; module_class=\u00a0\u00bbds-vertical-align\u00a0\u00bb _builder_version=\u00a0\u00bb3.26.3&Prime; global_colors_info=\u00a0\u00bb{}\u00a0\u00bb][et_pb_text admin_label=\u00a0\u00bbCartouche + H1 + 1 button\u00a0\u00bb _builder_version=\u00a0\u00bb3.27.4&Prime; text_text_color=\u00a0\u00bb#ffffff\u00a0\u00bb text_font_size=\u00a0\u00bb18px\u00a0\u00bb link_font_size=\u00a0\u00bb6px\u00a0\u00bb header_text_color=\u00a0\u00bb#ffffff\u00a0\u00bb header_font_size=\u00a0\u00bb59px\u00a0\u00bb header_2_text_color=\u00a0\u00bb#ffffff\u00a0\u00bb header_2_font_size=\u00a0\u00bb24px\u00a0\u00bb text_orientation=\u00a0\u00bbcenter\u00a0\u00bb custom_margin=\u00a0\u00bb-2px|||||\u00a0\u00bb custom_padding=\u00a0\u00bb||2px|||\u00a0\u00bb text_text_align=\u00a0\u00bbcenter\u00a0\u00bb global_colors_info=\u00a0\u00bb{}\u00a0\u00bb]<\/p>\n<p class=\"ctn-parent-spn\"><span class=\"parent-spn\">SpineGuard<\/span><\/p>\n<h1>Professionnels<\/h1>\n<p><a class=\"btn-spn white-btn-ctn  hvr-sweep-to-right\" href=\"https:\/\/www.spineguard.com\/fr\/contact\/\">Contactez nous<\/a><\/p>\n<p>[\/et_pb_text][\/et_pb_column][\/et_pb_row][\/et_pb_section][et_pb_section fb_built=\u00a0\u00bb1&Prime; module_class=\u00a0\u00bbbg-left-spine\u00a0\u00bb _builder_version=\u00a0\u00bb3.26.6&Prime; background_enable_image=\u00a0\u00bboff\u00a0\u00bb background_size=\u00a0\u00bbinitial\u00a0\u00bb background_position=\u00a0\u00bbcenter_right\u00a0\u00bb custom_padding=\u00a0\u00bb7px||19px|||\u00a0\u00bb bottom_divider_style=\u00a0\u00bbslant\u00a0\u00bb bottom_divider_color=\u00a0\u00bb#f9f9f9&Prime; bottom_divider_flip=\u00a0\u00bbvertical\u00a0\u00bb locked=\u00a0\u00bboff\u00a0\u00bb global_colors_info=\u00a0\u00bb{}\u00a0\u00bb][et_pb_row column_structure=\u00a0\u00bb1_2,1_2&Prime; use_custom_gutter=\u00a0\u00bbon\u00a0\u00bb gutter_width=\u00a0\u00bb2&Prime; make_equal=\u00a0\u00bbon\u00a0\u00bb admin_label=\u00a0\u00bbVis\u00e9e p\u00e9diculaire\u00a0\u00bb _builder_version=\u00a0\u00bb3.26.6&Prime; custom_padding=\u00a0\u00bb0px||70px|||\u00a0\u00bb animation_style=\u00a0\u00bbslide\u00a0\u00bb animation_direction=\u00a0\u00bbleft\u00a0\u00bb global_colors_info=\u00a0\u00bb{}\u00a0\u00bb][et_pb_column type=\u00a0\u00bb1_2&Prime; module_class=\u00a0\u00bbds-vertical-align\u00a0\u00bb _builder_version=\u00a0\u00bb3.26.3&Prime; global_colors_info=\u00a0\u00bb{}\u00a0\u00bb][et_pb_image src=\u00a0\u00bbhttps:\/\/www.spineguard.com\/wp-content\/uploads\/Healtcare-providers.jpg\u00a0\u00bb alt=\u00a0\u00bbSurgeon with spineguard\u00a0\u00bb url=\u00a0\u00bb\/fr\/dsg-pour-les-professionnels-de-la-sante\/securisation-du-placement-des-vis\/\u00a0\u00bb align=\u00a0\u00bbcenter\u00a0\u00bb disabled_on=\u00a0\u00bbon|on|off\u00a0\u00bb module_class=\u00a0\u00bbradius-img\u00a0\u00bb _builder_version=\u00a0\u00bb3.27.4&Prime; width=\u00a0\u00bb60%\u00a0\u00bb width_tablet=\u00a0\u00bb30%\u00a0\u00bb width_phone=\u00a0\u00bb\u00a0\u00bb width_last_edited=\u00a0\u00bbon|tablet\u00a0\u00bb custom_margin_tablet=\u00a0\u00bb||0px||false|false\u00a0\u00bb custom_margin_phone=\u00a0\u00bb\u00a0\u00bb custom_margin_last_edited=\u00a0\u00bbon|desktop\u00a0\u00bb custom_padding=\u00a0\u00bb||0px||false|false\u00a0\u00bb global_colors_info=\u00a0\u00bb{}\u00a0\u00bb][\/et_pb_image][\/et_pb_column][et_pb_column type=\u00a0\u00bb1_2&Prime; module_class=\u00a0\u00bbds-vertical-align\u00a0\u00bb _builder_version=\u00a0\u00bb3.26.3&Prime; global_colors_info=\u00a0\u00bb{}\u00a0\u00bb][et_pb_text admin_label=\u00a0\u00bbh2&Prime; _builder_version=\u00a0\u00bb3.27.4&Prime; header_2_line_height=\u00a0\u00bb1.2em\u00a0\u00bb header_3_font_size=\u00a0\u00bb32px\u00a0\u00bb header_3_line_height=\u00a0\u00bb0.95em\u00a0\u00bb custom_margin=\u00a0\u00bb||-1px|||\u00a0\u00bb custom_padding=\u00a0\u00bb||5px|||\u00a0\u00bb global_colors_info=\u00a0\u00bb{}\u00a0\u00bb]<\/p>\n<h2>Vis\u00e9e p\u00e9diculaire<\/h2>\n<p>[\/et_pb_text][et_pb_text admin_label=\u00a0\u00bbbtn\u00a0\u00bb _builder_version=\u00a0\u00bb3.27.4&Prime; header_2_line_height=\u00a0\u00bb1.2em\u00a0\u00bb header_3_font_size=\u00a0\u00bb32px\u00a0\u00bb header_3_line_height=\u00a0\u00bb0.95em\u00a0\u00bb custom_margin=\u00a0\u00bb||-1px|||\u00a0\u00bb custom_padding=\u00a0\u00bb||0px|||\u00a0\u00bb global_colors_info=\u00a0\u00bb{}\u00a0\u00bb]<a class=\"btn-spn hvr-sweep-to-right\" href=\"\/fr\/dsg-pour-les-professionnels-de-la-sante\/securisation-du-placement-des-vis\/\">En savoir plus<\/a>[\/et_pb_text][\/et_pb_column][\/et_pb_row][\/et_pb_section][et_pb_section fb_built=\u00a0\u00bb1&Prime; module_class=\u00a0\u00bbbg-left-spine\u00a0\u00bb _builder_version=\u00a0\u00bb3.27.4&Prime; background_color=\u00a0\u00bb#f9f9f9&Prime; background_image=\u00a0\u00bbhttps:\/\/www.spineguard.com\/wp-content\/uploads\/bg-spineguard-3.svg\u00a0\u00bb parallax=\u00a0\u00bbon\u00a0\u00bb custom_padding=\u00a0\u00bb7px||70px|||\u00a0\u00bb bottom_divider_style=\u00a0\u00bbslant\u00a0\u00bb bottom_divider_color=\u00a0\u00bb#ffffff\u00a0\u00bb bottom_divider_flip=\u00a0\u00bbvertical|horizontal\u00a0\u00bb locked=\u00a0\u00bboff\u00a0\u00bb global_colors_info=\u00a0\u00bb{}\u00a0\u00bb][et_pb_row use_custom_gutter=\u00a0\u00bbon\u00a0\u00bb gutter_width=\u00a0\u00bb2&Prime; make_equal=\u00a0\u00bbon\u00a0\u00bb admin_label=\u00a0\u00bbExpositions aux radiations\u00a0\u00bb _builder_version=\u00a0\u00bb3.26.6&Prime; custom_padding=\u00a0\u00bb0px||71px|||\u00a0\u00bb animation_style=\u00a0\u00bbslide\u00a0\u00bb animation_direction=\u00a0\u00bbright\u00a0\u00bb global_colors_info=\u00a0\u00bb{}\u00a0\u00bb][et_pb_column type=\u00a0\u00bb4_4&Prime; module_class=\u00a0\u00bbds-vertical-align\u00a0\u00bb _builder_version=\u00a0\u00bb3.26.3&Prime; global_colors_info=\u00a0\u00bb{}\u00a0\u00bb][et_pb_text admin_label=\u00a0\u00bbh2&Prime; _builder_version=\u00a0\u00bb3.29.3&Prime; header_2_line_height=\u00a0\u00bb1.2em\u00a0\u00bb header_3_font_size=\u00a0\u00bb32px\u00a0\u00bb header_3_line_height=\u00a0\u00bb0.95em\u00a0\u00bb text_orientation=\u00a0\u00bbcenter\u00a0\u00bb custom_margin=\u00a0\u00bb||-1px|||\u00a0\u00bb custom_padding=\u00a0\u00bb||5px|||\u00a0\u00bb global_colors_info=\u00a0\u00bb{}\u00a0\u00bb]<\/p>\n<h2>Exposition aux radiations<\/h2>\n<p>[\/et_pb_text][et_pb_text admin_label=\u00a0\u00bbbtn\u00a0\u00bb _builder_version=\u00a0\u00bb4.8.2&Prime; header_2_line_height=\u00a0\u00bb1.2em\u00a0\u00bb header_3_font_size=\u00a0\u00bb32px\u00a0\u00bb header_3_line_height=\u00a0\u00bb0.95em\u00a0\u00bb text_orientation=\u00a0\u00bbcenter\u00a0\u00bb custom_margin=\u00a0\u00bb||-1px|||\u00a0\u00bb custom_padding=\u00a0\u00bb||0px|||\u00a0\u00bb global_colors_info=\u00a0\u00bb{}\u00a0\u00bb]<\/p>\n<p><a class=\"btn-spn hvr-sweep-to-right\" href=\"\/fr\/dsg-pour-les-professionnels-de-la-sante\/radio-protection-pour-le-systeme-de-sante\/\">En savoir plus<\/a><\/p>\n<p>[\/et_pb_text][\/et_pb_column][\/et_pb_row][\/et_pb_section][et_pb_section fb_built=\u00a0\u00bb1&Prime; module_class=\u00a0\u00bbbg-left-spine\u00a0\u00bb _builder_version=\u00a0\u00bb3.26.6&Prime; background_enable_image=\u00a0\u00bboff\u00a0\u00bb background_size=\u00a0\u00bbinitial\u00a0\u00bb background_position=\u00a0\u00bbcenter_right\u00a0\u00bb custom_padding=\u00a0\u00bb7px||19px|||\u00a0\u00bb bottom_divider_style=\u00a0\u00bbslant\u00a0\u00bb bottom_divider_color=\u00a0\u00bb#f9f9f9&Prime; bottom_divider_flip=\u00a0\u00bbvertical\u00a0\u00bb locked=\u00a0\u00bboff\u00a0\u00bb global_colors_info=\u00a0\u00bb{}\u00a0\u00bb][et_pb_row column_structure=\u00a0\u00bb1_2,1_2&Prime; use_custom_gutter=\u00a0\u00bbon\u00a0\u00bb gutter_width=\u00a0\u00bb2&Prime; make_equal=\u00a0\u00bbon\u00a0\u00bb admin_label=\u00a0\u00bbB\u00e9n\u00e9fices\u00a0\u00bb _builder_version=\u00a0\u00bb3.26.6&Prime; custom_padding=\u00a0\u00bb0px||70px|||\u00a0\u00bb animation_style=\u00a0\u00bbslide\u00a0\u00bb animation_direction=\u00a0\u00bbleft\u00a0\u00bb global_colors_info=\u00a0\u00bb{}\u00a0\u00bb][et_pb_column type=\u00a0\u00bb1_2&Prime; module_class=\u00a0\u00bbds-vertical-align\u00a0\u00bb _builder_version=\u00a0\u00bb3.26.3&Prime; global_colors_info=\u00a0\u00bb{}\u00a0\u00bb][et_pb_image src=\u00a0\u00bbhttps:\/\/www.spineguard.com\/wp-content\/uploads\/Healthcare_Providers-Picture_Surgeons.jpg\u00a0\u00bb alt=\u00a0\u00bbHealthcare Providers Picture Surgeons\u00a0\u00bb url=\u00a0\u00bb\/dsg-healthcare-providers\/hospital-value-proposition\/\u00a0\u00bb align=\u00a0\u00bbcenter\u00a0\u00bb disabled_on=\u00a0\u00bbon|on|off\u00a0\u00bb module_class=\u00a0\u00bbradius-img\u00a0\u00bb _builder_version=\u00a0\u00bb3.27.4&Prime; width_tablet=\u00a0\u00bb\u00a0\u00bb width_phone=\u00a0\u00bb\u00a0\u00bb width_last_edited=\u00a0\u00bbon|desktop\u00a0\u00bb custom_margin_tablet=\u00a0\u00bb||0px||false|false\u00a0\u00bb custom_margin_phone=\u00a0\u00bb\u00a0\u00bb custom_margin_last_edited=\u00a0\u00bbon|desktop\u00a0\u00bb custom_padding=\u00a0\u00bb||0px||false|false\u00a0\u00bb border_radii=\u00a0\u00bbon|6px|6px|6px|6px\u00a0\u00bb global_colors_info=\u00a0\u00bb{}\u00a0\u00bb][\/et_pb_image][\/et_pb_column][et_pb_column type=\u00a0\u00bb1_2&Prime; module_class=\u00a0\u00bbds-vertical-align\u00a0\u00bb _builder_version=\u00a0\u00bb3.26.3&Prime; global_colors_info=\u00a0\u00bb{}\u00a0\u00bb][et_pb_text admin_label=\u00a0\u00bbh2&Prime; _builder_version=\u00a0\u00bb3.27.4&Prime; header_2_line_height=\u00a0\u00bb1.2em\u00a0\u00bb header_3_font_size=\u00a0\u00bb32px\u00a0\u00bb header_3_line_height=\u00a0\u00bb0.95em\u00a0\u00bb custom_margin=\u00a0\u00bb||-1px|||\u00a0\u00bb custom_padding=\u00a0\u00bb||5px|||\u00a0\u00bb global_colors_info=\u00a0\u00bb{}\u00a0\u00bb]<\/p>\n<h2>B\u00e9n\u00e9fices pour les chirurgiens<br \/>\net h\u00f4pitaux<\/h2>\n<p>[\/et_pb_text][et_pb_text admin_label=\u00a0\u00bbbtn\u00a0\u00bb _builder_version=\u00a0\u00bb3.27.4&Prime; header_2_line_height=\u00a0\u00bb1.2em\u00a0\u00bb header_3_font_size=\u00a0\u00bb32px\u00a0\u00bb header_3_line_height=\u00a0\u00bb0.95em\u00a0\u00bb custom_margin=\u00a0\u00bb||-1px|||\u00a0\u00bb custom_padding=\u00a0\u00bb||0px|||\u00a0\u00bb global_colors_info=\u00a0\u00bb{}\u00a0\u00bb]<a class=\"btn-spn hvr-sweep-to-right\" href=\"\/fr\/dsg-pour-les-professionnels-de-la-sante\/les-benefices-pour-les-etablissements-de-sante\/\">En savoir plus<\/a>[\/et_pb_text][\/et_pb_column][\/et_pb_row][\/et_pb_section][et_pb_section fb_built=\u00a0\u00bb1&Prime; module_class=\u00a0\u00bbbg-left-spine\u00a0\u00bb _builder_version=\u00a0\u00bb4.10.3&Prime; background_color=\u00a0\u00bb#f9f9f9&Prime; background_image=\u00a0\u00bbhttps:\/\/www.spineguard.com\/wp-content\/uploads\/bg-spineguard-3.svg\u00a0\u00bb background_size=\u00a0\u00bbcontain\u00a0\u00bb custom_padding=\u00a0\u00bb80px||184px||false|false\u00a0\u00bb bottom_divider_style=\u00a0\u00bbslant\u00a0\u00bb bottom_divider_color=\u00a0\u00bb#ffffff\u00a0\u00bb locked=\u00a0\u00bboff\u00a0\u00bb global_colors_info=\u00a0\u00bb{}\u00a0\u00bb][et_pb_row use_custom_gutter=\u00a0\u00bbon\u00a0\u00bb gutter_width=\u00a0\u00bb2&Prime; make_equal=\u00a0\u00bbon\u00a0\u00bb admin_label=\u00a0\u00bbT\u00e9moignages\u00a0\u00bb _builder_version=\u00a0\u00bb4.8.2&Prime; custom_padding=\u00a0\u00bb0px||0px|||\u00a0\u00bb animation_style=\u00a0\u00bbslide\u00a0\u00bb animation_direction=\u00a0\u00bbright\u00a0\u00bb global_colors_info=\u00a0\u00bb{}\u00a0\u00bb][et_pb_column type=\u00a0\u00bb4_4&Prime; module_class=\u00a0\u00bbds-vertical-align\u00a0\u00bb _builder_version=\u00a0\u00bb3.26.3&Prime; global_colors_info=\u00a0\u00bb{}\u00a0\u00bb][et_pb_text admin_label=\u00a0\u00bbh2&Prime; _builder_version=\u00a0\u00bb4.8.2&Prime; header_text_align=\u00a0\u00bbcenter\u00a0\u00bb header_2_line_height=\u00a0\u00bb1.2em\u00a0\u00bb header_3_font_size=\u00a0\u00bb32px\u00a0\u00bb header_3_line_height=\u00a0\u00bb0.95em\u00a0\u00bb text_orientation=\u00a0\u00bbcenter\u00a0\u00bb custom_margin=\u00a0\u00bb||-1px|||\u00a0\u00bb custom_padding=\u00a0\u00bb||5px|||\u00a0\u00bb global_colors_info=\u00a0\u00bb{}\u00a0\u00bb]<\/p>\n<h2>T\u00e9moignages<br \/>&amp; Cas cliniques<\/h2>\n<p>[\/et_pb_text][et_pb_text admin_label=\u00a0\u00bbbtn\u00a0\u00bb _builder_version=\u00a0\u00bb3.27.4&Prime; header_2_line_height=\u00a0\u00bb1.2em\u00a0\u00bb header_3_font_size=\u00a0\u00bb32px\u00a0\u00bb header_3_line_height=\u00a0\u00bb0.95em\u00a0\u00bb text_orientation=\u00a0\u00bbcenter\u00a0\u00bb custom_margin=\u00a0\u00bb||-1px|||\u00a0\u00bb custom_padding=\u00a0\u00bb||0px|||\u00a0\u00bb locked=\u00a0\u00bboff\u00a0\u00bb global_colors_info=\u00a0\u00bb{}\u00a0\u00bb]<a class=\"btn-spn hvr-sweep-to-right\" href=\"\/fr\/dsg-pour-les-professionnels-de-la-sante\/temoignages-et-cas-cliniques\/\">En savoir plus<\/a>[\/et_pb_text][\/et_pb_column][\/et_pb_row][\/et_pb_section][et_pb_section fb_built=\u00a0\u00bb1&Prime; module_class=\u00a0\u00bbbg-left-spine\u00a0\u00bb _builder_version=\u00a0\u00bb4.10.3&Prime; background_color=\u00a0\u00bb#ffffff\u00a0\u00bb background_image=\u00a0\u00bbhttps:\/\/www.spineguard.com\/wp-content\/uploads\/bg-spineguard-3.svg\u00a0\u00bb background_size=\u00a0\u00bbcontain\u00a0\u00bb custom_padding=\u00a0\u00bb7px||19px|||\u00a0\u00bb bottom_divider_style=\u00a0\u00bbasymmetric3&Prime; bottom_divider_color=\u00a0\u00bb#007082&Prime; bottom_divider_flip=\u00a0\u00bbvertical\u00a0\u00bb locked=\u00a0\u00bboff\u00a0\u00bb global_colors_info=\u00a0\u00bb{}\u00a0\u00bb][et_pb_row column_structure=\u00a0\u00bb1_2,1_2&Prime; use_custom_gutter=\u00a0\u00bbon\u00a0\u00bb gutter_width=\u00a0\u00bb2&Prime; make_equal=\u00a0\u00bbon\u00a0\u00bb admin_label=\u00a0\u00bbLoi Bertrand\u00a0\u00bb _builder_version=\u00a0\u00bb4.10.3&Prime; custom_padding=\u00a0\u00bb80px||80px||true|false\u00a0\u00bb animation_style=\u00a0\u00bbslide\u00a0\u00bb animation_direction=\u00a0\u00bbright\u00a0\u00bb global_colors_info=\u00a0\u00bb{}\u00a0\u00bb][et_pb_column type=\u00a0\u00bb1_2&Prime; module_class=\u00a0\u00bbds-vertical-align\u00a0\u00bb _builder_version=\u00a0\u00bb3.26.3&Prime; global_colors_info=\u00a0\u00bb{}\u00a0\u00bb][et_pb_text admin_label=\u00a0\u00bbh2&Prime; _builder_version=\u00a0\u00bb4.10.3&Prime; header_text_align=\u00a0\u00bbcenter\u00a0\u00bb header_2_line_height=\u00a0\u00bb1.2em\u00a0\u00bb header_3_font_size=\u00a0\u00bb32px\u00a0\u00bb header_3_line_height=\u00a0\u00bb0.95em\u00a0\u00bb text_orientation=\u00a0\u00bbcenter\u00a0\u00bb custom_margin=\u00a0\u00bb||-1px|||\u00a0\u00bb custom_padding=\u00a0\u00bb||5px|||\u00a0\u00bb global_colors_info=\u00a0\u00bb{}\u00a0\u00bb]<\/p>\n<h2>Loi Bertrand<\/h2>\n<p>[\/et_pb_text][et_pb_text admin_label=\u00a0\u00bbbtn\u00a0\u00bb _builder_version=\u00a0\u00bb4.10.3&Prime; header_2_line_height=\u00a0\u00bb1.2em\u00a0\u00bb header_3_font_size=\u00a0\u00bb32px\u00a0\u00bb header_3_line_height=\u00a0\u00bb0.95em\u00a0\u00bb text_orientation=\u00a0\u00bbcenter\u00a0\u00bb custom_margin=\u00a0\u00bb||-1px|||\u00a0\u00bb custom_padding=\u00a0\u00bb||0px|||\u00a0\u00bb global_colors_info=\u00a0\u00bb{}\u00a0\u00bb]<a class=\"btn-spn hvr-sweep-to-right\" href=\"\/fr\/loi-bertrand\/\">En savoir plus<\/a>[\/et_pb_text][\/et_pb_column][et_pb_column type=\u00a0\u00bb1_2&Prime; module_class=\u00a0\u00bbds-vertical-align\u00a0\u00bb _builder_version=\u00a0\u00bb3.26.3&Prime; global_colors_info=\u00a0\u00bb{}\u00a0\u00bb][et_pb_image src=\u00a0\u00bbhttps:\/\/www.spineguard.com\/wp-content\/uploads\/Sunshine_act.jpg\u00a0\u00bb alt=\u00a0\u00bbHealthcare Providers Picture Surgeons\u00a0\u00bb url=\u00a0\u00bb\/dsg-healthcare-providers\/hospital-value-proposition\/\u00a0\u00bb align=\u00a0\u00bbcenter\u00a0\u00bb disabled_on=\u00a0\u00bbon|on|off\u00a0\u00bb module_class=\u00a0\u00bbradius-img\u00a0\u00bb _builder_version=\u00a0\u00bb4.10.3&Prime; width_tablet=\u00a0\u00bb\u00a0\u00bb width_phone=\u00a0\u00bb\u00a0\u00bb width_last_edited=\u00a0\u00bbon|desktop\u00a0\u00bb custom_margin_tablet=\u00a0\u00bb||0px||false|false\u00a0\u00bb custom_margin_phone=\u00a0\u00bb\u00a0\u00bb custom_margin_last_edited=\u00a0\u00bbon|desktop\u00a0\u00bb custom_padding=\u00a0\u00bb||0px||false|false\u00a0\u00bb hover_enabled=\u00a0\u00bb0&Prime; border_radii=\u00a0\u00bbon|6px|6px|6px|6px\u00a0\u00bb locked=\u00a0\u00bboff\u00a0\u00bb global_colors_info=\u00a0\u00bb{}\u00a0\u00bb title_text=\u00a0\u00bbBusinesswoman on blurred background using law protection right\u00a0\u00bb sticky_enabled=\u00a0\u00bb0&Prime;][\/et_pb_image][\/et_pb_column][\/et_pb_row][et_pb_row column_structure=\u00a0\u00bb2_3,1_3&Prime; make_equal=\u00a0\u00bbon\u00a0\u00bb admin_label=\u00a0\u00bbRow\u00a0\u00bb module_class=\u00a0\u00bbcta-white-ctn\u00a0\u00bb _builder_version=\u00a0\u00bb4.0.11&Prime; z_index=\u00a0\u00bb999&Prime; custom_margin=\u00a0\u00bb80px|auto||auto||\u00a0\u00bb custom_padding=\u00a0\u00bb||30px||false|false\u00a0\u00bb global_module=\u00a0\u00bb495&Prime; locked=\u00a0\u00bboff\u00a0\u00bb collapsed=\u00a0\u00bboff\u00a0\u00bb global_colors_info=\u00a0\u00bb{}\u00a0\u00bb][et_pb_column type=\u00a0\u00bb2_3&Prime; module_class=\u00a0\u00bbds-vertical-align\u00a0\u00bb _builder_version=\u00a0\u00bb3.26.3&Prime; global_colors_info=\u00a0\u00bb{}\u00a0\u00bb][et_pb_text admin_label=\u00a0\u00bbText CTA\u00a0\u00bb _builder_version=\u00a0\u00bb4.0.11&Prime; global_colors_info=\u00a0\u00bb{}\u00a0\u00bb]<\/p>\n<p class=\"h2-cta\">Pour toute demande n&rsquo;h\u00e9sitez pas \u00e0 nous contacter<\/p>\n<p>[\/et_pb_text][\/et_pb_column][et_pb_column type=\u00a0\u00bb1_3&Prime; module_class=\u00a0\u00bbds-vertical-align\u00a0\u00bb _builder_version=\u00a0\u00bb3.26.3&Prime; global_colors_info=\u00a0\u00bb{}\u00a0\u00bb][et_pb_text admin_label=\u00a0\u00bbButton\u00a0\u00bb _builder_version=\u00a0\u00bb4.0.11&Prime; text_orientation=\u00a0\u00bbcenter\u00a0\u00bb text_text_align=\u00a0\u00bbcenter\u00a0\u00bb global_colors_info=\u00a0\u00bb{}\u00a0\u00bb]<a href=\"https:\/\/www.spineguard.com\/fr\/contact\/\" class=\"btn-spn hvr-sweep-to-right\">Contactez nous !<\/a>[\/et_pb_text][\/et_pb_column][\/et_pb_row][\/et_pb_section]<\/p>\n","protected":false},"excerpt":{"rendered":"<p>SpineGuard Professionnels Contactez nousVis\u00e9e p\u00e9diculaireEn savoir plusExposition aux radiationsEn savoir plusB\u00e9n\u00e9fices pour les chirurgiens et h\u00f4pitauxEn savoir plusT\u00e9moignages&amp; Cas cliniquesEn savoir plusLoi BertrandEn savoir plusPour toute demande n&rsquo;h\u00e9sitez pas \u00e0 nous contacterContactez nous !<\/p>\n","protected":false},"author":1,"featured_media":0,"parent":0,"menu_order":2,"comment_status":"closed","ping_status":"closed","template":"","meta":{"_et_pb_use_builder":"on","_et_pb_old_content":"","_et_gb_content_width":"","footnotes":""},"class_list":["post-1105","page","type-page","status-publish","hentry"],"_links":{"self":[{"href":"https:\/\/www.spineguard.com\/fr\/wp-json\/wp\/v2\/pages\/1105","targetHints":{"allow":["GET"]}}],"collection":[{"href":"https:\/\/www.spineguard.com\/fr\/wp-json\/wp\/v2\/pages"}],"about":[{"href":"https:\/\/www.spineguard.com\/fr\/wp-json\/wp\/v2\/types\/page"}],"author":[{"embeddable":true,"href":"https:\/\/www.spineguard.com\/fr\/wp-json\/wp\/v2\/users\/1"}],"replies":[{"embeddable":true,"href":"https:\/\/www.spineguard.com\/fr\/wp-json\/wp\/v2\/comments?post=1105"}],"version-history":[{"count":11,"href":"https:\/\/www.spineguard.com\/fr\/wp-json\/wp\/v2\/pages\/1105\/revisions"}],"predecessor-version":[{"id":5287,"href":"https:\/\/www.spineguard.com\/fr\/wp-json\/wp\/v2\/pages\/1105\/revisions\/5287"}],"wp:attachment":[{"href":"https:\/\/www.spineguard.com\/fr\/wp-json\/wp\/v2\/media?parent=1105"}],"curies":[{"name":"wp","href":"https:\/\/api.w.org\/{rel}","templated":true}]}}