{"id":1131,"date":"2019-07-09T16:42:49","date_gmt":"2019-07-09T14:42:49","guid":{"rendered":"https:\/\/www.spineguard.com\/documentation\/"},"modified":"2026-04-08T10:54:36","modified_gmt":"2026-04-08T08:54:36","slug":"documentation","status":"publish","type":"page","link":"https:\/\/www.spineguard.com\/fr\/investisseurs\/documentation\/","title":{"rendered":"Documentation"},"content":{"rendered":"<p>[et_pb_section fb_built=\u00a0\u00bb1&Prime; _builder_version=\u00a0\u00bb4.16&Prime; background_color=\u00a0\u00bb#007082&Prime; use_background_color_gradient=\u00a0\u00bbon\u00a0\u00bb background_color_gradient_direction=\u00a0\u00bb234deg\u00a0\u00bb background_color_gradient_stops=\u00a0\u00bbrgba(0,112,130,0.52) 15%|#007082 100%\u00a0\u00bb background_color_gradient_overlays_image=\u00a0\u00bbon\u00a0\u00bb background_color_gradient_start=\u00a0\u00bbrgba(0,112,130,0.52)\u00a0\u00bb background_color_gradient_start_position=\u00a0\u00bb15%\u00a0\u00bb background_color_gradient_end=\u00a0\u00bb#007082&Prime; background_image=\u00a0\u00bbhttps:\/\/www.spineguard.com\/wp-content\/uploads\/bg-hexagone.svg\u00a0\u00bb background_position=\u00a0\u00bbbottom_left\u00a0\u00bb custom_margin=\u00a0\u00bb||0px|||\u00a0\u00bb custom_padding=\u00a0\u00bb100px||144px||false|false\u00a0\u00bb bottom_divider_style=\u00a0\u00bbasymmetric3&Prime; bottom_divider_color=\u00a0\u00bb#ffffff\u00a0\u00bb locked=\u00a0\u00bboff\u00a0\u00bb global_colors_info=\u00a0\u00bb{}\u00a0\u00bb][et_pb_row make_equal=\u00a0\u00bbon\u00a0\u00bb _builder_version=\u00a0\u00bb4.16&Prime; custom_margin=\u00a0\u00bb-6px|auto||auto||\u00a0\u00bb custom_padding=\u00a0\u00bb0px||0px|||\u00a0\u00bb global_colors_info=\u00a0\u00bb{}\u00a0\u00bb][et_pb_column type=\u00a0\u00bb4_4&Prime; module_class=\u00a0\u00bbds-vertical-align\u00a0\u00bb _builder_version=\u00a0\u00bb4.16&Prime; global_colors_info=\u00a0\u00bb{}\u00a0\u00bb][et_pb_text admin_label=\u00a0\u00bbCartouche + H1 + 1 button\u00a0\u00bb _builder_version=\u00a0\u00bb4.27.5&Prime; text_text_color=\u00a0\u00bb#ffffff\u00a0\u00bb text_font_size=\u00a0\u00bb18px\u00a0\u00bb link_font_size=\u00a0\u00bb6px\u00a0\u00bb header_text_color=\u00a0\u00bb#ffffff\u00a0\u00bb header_font_size=\u00a0\u00bb59px\u00a0\u00bb header_2_text_color=\u00a0\u00bb#ffffff\u00a0\u00bb header_2_font_size=\u00a0\u00bb24px\u00a0\u00bb header_4_text_color=\u00a0\u00bb#ffffff\u00a0\u00bb text_orientation=\u00a0\u00bbcenter\u00a0\u00bb custom_margin=\u00a0\u00bb-2px|||||\u00a0\u00bb custom_padding=\u00a0\u00bb||2px|||\u00a0\u00bb text_text_align=\u00a0\u00bbcenter\u00a0\u00bb global_colors_info=\u00a0\u00bb{}\u00a0\u00bb]<\/p>\n<p class=\"ctn-parent-spn\"><span class=\"parent-spn\">Investisseurs<\/span><\/p>\n<h1>Documentation<\/h1>\n<p>2026<\/p>\n<p><a class=\"btn-spn white-btn-ctn hvr-sweep-to-right\" href=\"https:\/\/www.spineguard.com\/fr\/contact\/\">Contactez nous<\/a><\/p>\n<p>[\/et_pb_text][\/et_pb_column][\/et_pb_row][\/et_pb_section][et_pb_section fb_built=\u00a0\u00bb1&Prime; _builder_version=\u00a0\u00bb4.16&Prime; background_color=\u00a0\u00bb#f9f9f9&Prime; custom_padding=\u00a0\u00bb25px||25px||true|\u00a0\u00bb top_divider_style=\u00a0\u00bbslant\u00a0\u00bb top_divider_color=\u00a0\u00bb#ffffff\u00a0\u00bb top_divider_height=\u00a0\u00bb82px\u00a0\u00bb global_colors_info=\u00a0\u00bb{}\u00a0\u00bb][et_pb_row _builder_version=\u00a0\u00bb4.16&Prime; custom_padding=\u00a0\u00bb100px||12px||false|false\u00a0\u00bb animation_style=\u00a0\u00bbslide\u00a0\u00bb animation_direction=\u00a0\u00bbleft\u00a0\u00bb locked=\u00a0\u00bboff\u00a0\u00bb global_colors_info=\u00a0\u00bb{}\u00a0\u00bb][et_pb_column type=\u00a0\u00bb4_4&Prime; _builder_version=\u00a0\u00bb4.16&Prime; global_colors_info=\u00a0\u00bb{}\u00a0\u00bb][et_pb_text admin_label=\u00a0\u00bbH2 Pr\u00e9sentation &#8211; Pdf List\u00a0\u00bb _builder_version=\u00a0\u00bb4.27.5&Prime; header_2_text_align=\u00a0\u00bbleft\u00a0\u00bb custom_margin=\u00a0\u00bb||16px|||\u00a0\u00bb hover_enabled=\u00a0\u00bb0&Prime; locked=\u00a0\u00bboff\u00a0\u00bb global_colors_info=\u00a0\u00bb{}\u00a0\u00bb sticky_enabled=\u00a0\u00bb0&Prime;]<\/p>\n<h2 class=\"initial-font\">Derni\u00e8re note des analystes<\/h2>\n<ul class=\"ul-spn\">\n<li>26 Mars 2026 &#8211; 10H00 CET : Note d&rsquo;analyste BioStrategic Research (en fran\u00e7ais) (<a href=\"https:\/\/www.spineguard.com\/wp-content\/uploads\/SPINEGUARD-Flash-SwissLife-Banque-Privee-2026-03-26-FR.pdf\">T\u00e9l\u00e9charger le PDF<\/a>)<\/li>\n<\/ul>\n<p>[\/et_pb_text][\/et_pb_column][\/et_pb_row][\/et_pb_section][et_pb_section fb_built=\u00a0\u00bb1&Prime; _builder_version=\u00a0\u00bb4.16&Prime; background_color=\u00a0\u00bb#f9f9f9&Prime; custom_padding=\u00a0\u00bb60px||60px||true|\u00a0\u00bb top_divider_style=\u00a0\u00bbslant\u00a0\u00bb top_divider_color=\u00a0\u00bb#ffffff\u00a0\u00bb top_divider_height=\u00a0\u00bb82px\u00a0\u00bb global_colors_info=\u00a0\u00bb{}\u00a0\u00bb][et_pb_row _builder_version=\u00a0\u00bb4.16&Prime; custom_margin=\u00a0\u00bb40px|auto||auto||\u00a0\u00bb custom_padding=\u00a0\u00bb40px||0px||false|false\u00a0\u00bb animation_style=\u00a0\u00bbslide\u00a0\u00bb animation_direction=\u00a0\u00bbleft\u00a0\u00bb locked=\u00a0\u00bboff\u00a0\u00bb global_colors_info=\u00a0\u00bb{}\u00a0\u00bb][et_pb_column type=\u00a0\u00bb4_4&Prime; _builder_version=\u00a0\u00bb4.16&Prime; global_colors_info=\u00a0\u00bb{}\u00a0\u00bb][et_pb_text admin_label=\u00a0\u00bbH2 Compte et rapport &#8211; Pdf List\u00a0\u00bb _builder_version=\u00a0\u00bb4.27.5&Prime; header_2_text_align=\u00a0\u00bbleft\u00a0\u00bb custom_margin=\u00a0\u00bb||16px|||\u00a0\u00bb locked=\u00a0\u00bboff\u00a0\u00bb global_colors_info=\u00a0\u00bb{}\u00a0\u00bb]<\/p>\n<h2 class=\"initial-font\">Comptes et rapports financiers<\/h2>\n<ul class=\"ul-spn\">\n<li>8 avril 2026 &#8211; 7H00 CET : Rapport financier au 31\/12\/2025 (<a href=\"https:\/\/www.spineguard.com\/wp-content\/uploads\/ALSGD-Rapport-financier-2025-vDEF.pdf\">T\u00e9l\u00e9charger le PDF<\/a>)<\/li>\n<li>10 Septembre 2025 &#8211; 18H00 CET: Rapport financier au 30\/06\/2025 (<a href=\"https:\/\/www.spineguard.com\/wp-content\/uploads\/SpineGuard-Financial-report-1S25-vOK.pdf\">T\u00e9l\u00e9charger le PDF<\/a>)<\/li>\n<\/ul>\n<p>&nbsp;<\/p>\n<p>[\/et_pb_text][\/et_pb_column][\/et_pb_row][\/et_pb_section][et_pb_section fb_built=\u00a0\u00bb1&Prime; _builder_version=\u00a0\u00bb4.16&Prime; custom_padding=\u00a0\u00bb60px||60px||true|\u00a0\u00bb global_colors_info=\u00a0\u00bb{}\u00a0\u00bb][et_pb_row _builder_version=\u00a0\u00bb4.16&Prime; custom_padding=\u00a0\u00bb0px||0px||false|false\u00a0\u00bb animation_style=\u00a0\u00bbslide\u00a0\u00bb animation_direction=\u00a0\u00bbright\u00a0\u00bb locked=\u00a0\u00bboff\u00a0\u00bb global_colors_info=\u00a0\u00bb{}\u00a0\u00bb][et_pb_column type=\u00a0\u00bb4_4&Prime; _builder_version=\u00a0\u00bb4.16&Prime; global_colors_info=\u00a0\u00bb{}\u00a0\u00bb][et_pb_text admin_label=\u00a0\u00bbH2 Info reglementee &#8211; Pdf List\u00a0\u00bb _builder_version=\u00a0\u00bb4.27.5&Prime; header_2_text_align=\u00a0\u00bbleft\u00a0\u00bb custom_margin=\u00a0\u00bb||16px|||\u00a0\u00bb locked=\u00a0\u00bboff\u00a0\u00bb global_colors_info=\u00a0\u00bb{}\u00a0\u00bb]<\/p>\n<h2 class=\"initial-font\">Informations r\u00e9glement\u00e9es<\/h2>\n<p>&nbsp;<\/p>\n<ul class=\"ul-spn\">\n<li>6 f\u00e9vrier 2026 &#8211; 18h00 CET: Bilan semestriel du contrat de liquidit\u00e9 (<a href=\"https:\/\/www.spineguard.com\/wp-content\/uploads\/SpineGuard_CP_Bilan-contrat-de-Liquidite-31-12-2025_VDEF.pdf\">T\u00e9l\u00e9charger le PDF<\/a>)<\/li>\n<\/ul>\n<p>[\/et_pb_text][\/et_pb_column][\/et_pb_row][\/et_pb_section][et_pb_section fb_built=\u00a0\u00bb1&Prime; _builder_version=\u00a0\u00bb4.16&Prime; custom_padding=\u00a0\u00bb60px||60px||true|\u00a0\u00bb top_divider_style=\u00a0\u00bbslant\u00a0\u00bb top_divider_color=\u00a0\u00bb#f9f9f9&Prime; top_divider_flip=\u00a0\u00bbhorizontal\u00a0\u00bb global_colors_info=\u00a0\u00bb{}\u00a0\u00bb][et_pb_row _builder_version=\u00a0\u00bb4.16&Prime; custom_padding=\u00a0\u00bb100px||12px||false|false\u00a0\u00bb animation_style=\u00a0\u00bbslide\u00a0\u00bb animation_direction=\u00a0\u00bbright\u00a0\u00bb locked=\u00a0\u00bboff\u00a0\u00bb global_colors_info=\u00a0\u00bb{}\u00a0\u00bb][et_pb_column type=\u00a0\u00bb4_4&Prime; _builder_version=\u00a0\u00bb4.16&Prime; global_colors_info=\u00a0\u00bb{}\u00a0\u00bb][et_pb_text admin_label=\u00a0\u00bbH2 AG  &#8211; Pdf List\u00a0\u00bb _builder_version=\u00a0\u00bb4.27.5&Prime; header_2_text_align=\u00a0\u00bbleft\u00a0\u00bb custom_margin=\u00a0\u00bb||16px|||\u00a0\u00bb locked=\u00a0\u00bboff\u00a0\u00bb global_colors_info=\u00a0\u00bb{}\u00a0\u00bb]<\/p>\n<h2 class=\"initial-font\">Assembl\u00e9es g\u00e9n\u00e9rale<\/h2>\n<ul class=\"ul-spn\">\n<li>26 Juin 2025 &#8211; 10H00 CET : Avis de convocation \/ Avis de r\u00e9union publi\u00e9 au BALO du 13 juin 2025 (<a href=\"https:\/\/www.spineguard.com\/wp-content\/uploads\/SpineGuard_Avis-de-reunion-publie-au-BALO-du-13-juin-2025.pdf\">T\u00e9l\u00e9charger le PDF<\/a>)<\/li>\n<li>26 Juin 2025 &#8211; 10H00 CET : Le PV de l&rsquo;Assembl\u00e9e g\u00e9n\u00e9rale (<a href=\"https:\/\/www.spineguard.com\/wp-content\/uploads\/SpineGuard_-_PV_AGOAE_25_06_2025.pdf\">T\u00e9l\u00e9charger le PDF<\/a>)<\/li>\n<li>26 Juin 2025 &#8211; 10H00 CET : La mise \u00e0 jour des statuts (<a href=\"https:\/\/www.spineguard.com\/wp-content\/uploads\/SpineGuard_-_Statuts_-_25_06_2025.pdf\">T\u00e9l\u00e9charger le PDF<\/a>)<\/li>\n<li>21 Mai 2025 &#8211; 10H00 CET : Assembl\u00e9e G\u00e9n\u00e9rale du 10 juin 2025 &#8211; Brochure de convocation (<a href=\"https:\/\/www.spineguard.com\/wp-content\/uploads\/SpineGuard-Brochure-de-convocation-ok-2025.pdf\">T\u00e9l\u00e9charger le PDF<\/a>)<\/li>\n<\/ul>\n<p>[\/et_pb_text][\/et_pb_column][\/et_pb_row][\/et_pb_section][et_pb_section fb_built=\u00a0\u00bb1&Prime; prev_background_color=\u00a0\u00bb#ffffff\u00a0\u00bb _builder_version=\u00a0\u00bb4.16&Prime; background_color=\u00a0\u00bbrgba(0,112,130,0.85)\u00a0\u00bb custom_padding=\u00a0\u00bb||29px|||\u00a0\u00bb top_divider_style=\u00a0\u00bbslant\u00a0\u00bb top_divider_height=\u00a0\u00bb54px\u00a0\u00bb top_divider_flip=\u00a0\u00bbhorizontal\u00a0\u00bb bottom_divider_style=\u00a0\u00bbasymmetric3&Prime; bottom_divider_color=\u00a0\u00bb#007082&Prime; bottom_divider_flip=\u00a0\u00bbvertical\u00a0\u00bb global_colors_info=\u00a0\u00bb{}\u00a0\u00bb][et_pb_row _builder_version=\u00a0\u00bb4.16&Prime; custom_padding=\u00a0\u00bb80px||12px||false|false\u00a0\u00bb locked=\u00a0\u00bboff\u00a0\u00bb global_colors_info=\u00a0\u00bb{}\u00a0\u00bb][et_pb_column type=\u00a0\u00bb4_4&Prime; _builder_version=\u00a0\u00bb4.16&Prime; global_colors_info=\u00a0\u00bb{}\u00a0\u00bb][et_pb_text admin_label=\u00a0\u00bbH2 Archives &#8211; Pdf List\u00a0\u00bb _builder_version=\u00a0\u00bb4.27.4&Prime; header_2_text_align=\u00a0\u00bbleft\u00a0\u00bb header_2_text_color=\u00a0\u00bb#ffffff\u00a0\u00bb custom_margin=\u00a0\u00bb||16px|||\u00a0\u00bb locked=\u00a0\u00bboff\u00a0\u00bb global_colors_info=\u00a0\u00bb{}\u00a0\u00bb]<\/p>\n<h2>Archives 2017-2024 <span class=\"small-h2\"> (Livret documentation financi\u00e8re, r\u00e9glement\u00e9e et Assembl\u00e9es G\u00e9n\u00e9rales)<\/span><\/h2>\n<p>[\/et_pb_text][\/et_pb_column][\/et_pb_row][et_pb_row column_structure=\u00a0\u00bb1_4,1_4,1_4,1_4&Prime; make_equal=\u00a0\u00bbon\u00a0\u00bb _builder_version=\u00a0\u00bb4.17.1&Prime; custom_padding=\u00a0\u00bb0px|||||\u00a0\u00bb locked=\u00a0\u00bboff\u00a0\u00bb collapsed=\u00a0\u00bboff\u00a0\u00bb global_colors_info=\u00a0\u00bb{}\u00a0\u00bb][et_pb_column type=\u00a0\u00bb1_4&Prime; _builder_version=\u00a0\u00bb4.16&Prime; global_colors_info=\u00a0\u00bb{}\u00a0\u00bb][et_pb_text admin_label=\u00a0\u00bbDoc book 2025&Prime; module_class=\u00a0\u00bbdoc-ctn blurb_click_newtab\u00a0\u00bb _builder_version=\u00a0\u00bb4.27.5&Prime; background_color=\u00a0\u00bb#ffffff\u00a0\u00bb custom_padding=\u00a0\u00bb40px|40px|40px|40px|true|true\u00a0\u00bb animation_style=\u00a0\u00bbfade\u00a0\u00bb border_radii=\u00a0\u00bbon|6px|6px|6px|6px\u00a0\u00bb locked=\u00a0\u00bboff\u00a0\u00bb global_colors_info=\u00a0\u00bb{}\u00a0\u00bb]<\/p>\n<p class=\"name-spn doc-year\">2025<\/p>\n<p class=\"doc-spn\">Livret documentation financi\u00e8re, r\u00e9glement\u00e9e et Assembl\u00e9es G\u00e9n\u00e9rales<\/p>\n<p><a class=\"btn-spn hvr-sweep-to-right small-btn\" href=\"https:\/\/www.spineguard.com\/wp-content\/uploads\/Livret-de-documentation-financiere-2025.pdf\">Cliquez ici<\/a><\/p>\n<p>[\/et_pb_text][\/et_pb_column][et_pb_column type=\u00a0\u00bb1_4&Prime; _builder_version=\u00a0\u00bb4.16&Prime; global_colors_info=\u00a0\u00bb{}\u00a0\u00bb][et_pb_text admin_label=\u00a0\u00bbDoc book 2024&Prime; module_class=\u00a0\u00bbdoc-ctn blurb_click_newtab\u00a0\u00bb _builder_version=\u00a0\u00bb4.27.4&Prime; background_color=\u00a0\u00bb#ffffff\u00a0\u00bb custom_padding=\u00a0\u00bb40px|40px|40px|40px|true|true\u00a0\u00bb animation_style=\u00a0\u00bbfade\u00a0\u00bb border_radii=\u00a0\u00bbon|6px|6px|6px|6px\u00a0\u00bb locked=\u00a0\u00bboff\u00a0\u00bb global_colors_info=\u00a0\u00bb{}\u00a0\u00bb]<\/p>\n<p class=\"name-spn doc-year\">2024<\/p>\n<p class=\"doc-spn\">Livret documentation financi\u00e8re, r\u00e9glement\u00e9e et Assembl\u00e9es G\u00e9n\u00e9rales<\/p>\n<p><a class=\"btn-spn hvr-sweep-to-right small-btn\" href=\"https:\/\/www.spineguard.com\/wp-content\/uploads\/Livret-de-coumentation-financiere-2024.pdf\">Cliquez ici<\/a><\/p>\n<p>[\/et_pb_text][\/et_pb_column][et_pb_column type=\u00a0\u00bb1_4&Prime; _builder_version=\u00a0\u00bb4.16&Prime; global_colors_info=\u00a0\u00bb{}\u00a0\u00bb][et_pb_text admin_label=\u00a0\u00bbDoc book 2023&Prime; module_class=\u00a0\u00bbdoc-ctn blurb_click_newtab\u00a0\u00bb _builder_version=\u00a0\u00bb4.24.0&Prime; background_color=\u00a0\u00bb#ffffff\u00a0\u00bb custom_padding=\u00a0\u00bb40px|40px|40px|40px|true|true\u00a0\u00bb animation_style=\u00a0\u00bbfade\u00a0\u00bb border_radii=\u00a0\u00bbon|6px|6px|6px|6px\u00a0\u00bb locked=\u00a0\u00bboff\u00a0\u00bb global_colors_info=\u00a0\u00bb{}\u00a0\u00bb]<\/p>\n<p class=\"name-spn doc-year\">2023<\/p>\n<p class=\"doc-spn\">Livret documentation financi\u00e8re, r\u00e9glement\u00e9e et Assembl\u00e9es G\u00e9n\u00e9rales<\/p>\n<p><a class=\"btn-spn hvr-sweep-to-right small-btn\" href=\"https:\/\/www.spineguard.com\/wp-content\/uploads\/Livret-de-documentation-financiere-2023.pdf\">Cliquez ici<\/a><\/p>\n<p>[\/et_pb_text][\/et_pb_column][et_pb_column type=\u00a0\u00bb1_4&Prime; _builder_version=\u00a0\u00bb4.16&Prime; global_colors_info=\u00a0\u00bb{}\u00a0\u00bb][et_pb_text admin_label=\u00a0\u00bbDoc book 2022&Prime; module_class=\u00a0\u00bbdoc-ctn blurb_click_newtab\u00a0\u00bb _builder_version=\u00a0\u00bb4.19.4&Prime; background_color=\u00a0\u00bb#ffffff\u00a0\u00bb custom_padding=\u00a0\u00bb40px|40px|40px|40px|true|true\u00a0\u00bb animation_style=\u00a0\u00bbfade\u00a0\u00bb border_radii=\u00a0\u00bbon|6px|6px|6px|6px\u00a0\u00bb locked=\u00a0\u00bboff\u00a0\u00bb global_colors_info=\u00a0\u00bb{}\u00a0\u00bb]<\/p>\n<p class=\"name-spn doc-year\">2022<\/p>\n<p class=\"doc-spn\">Livret documentation financi\u00e8re, r\u00e9glement\u00e9e et Assembl\u00e9es G\u00e9n\u00e9rales<\/p>\n<p><a class=\"btn-spn hvr-sweep-to-right small-btn\" href=\"https:\/\/www.spineguard.com\/wp-content\/uploads\/Livret-de-documentation-financiere-2022.pdf\">Cliquez ici<\/a><\/p>\n<p>[\/et_pb_text][\/et_pb_column][\/et_pb_row][et_pb_row column_structure=\u00a0\u00bb1_4,1_4,1_4,1_4&Prime; make_equal=\u00a0\u00bbon\u00a0\u00bb _builder_version=\u00a0\u00bb4.16&Prime; custom_padding=\u00a0\u00bb0px|||||\u00a0\u00bb locked=\u00a0\u00bboff\u00a0\u00bb global_colors_info=\u00a0\u00bb{}\u00a0\u00bb][et_pb_column type=\u00a0\u00bb1_4&Prime; _builder_version=\u00a0\u00bb4.16&Prime; global_colors_info=\u00a0\u00bb{}\u00a0\u00bb][et_pb_text admin_label=\u00a0\u00bbDoc book 2021&Prime; module_class=\u00a0\u00bbdoc-ctn blurb_click_newtab\u00a0\u00bb _builder_version=\u00a0\u00bb4.17.1&Prime; background_color=\u00a0\u00bb#ffffff\u00a0\u00bb custom_padding=\u00a0\u00bb40px|40px|40px|40px|true|true\u00a0\u00bb animation_style=\u00a0\u00bbfade\u00a0\u00bb border_radii=\u00a0\u00bbon|6px|6px|6px|6px\u00a0\u00bb locked=\u00a0\u00bboff\u00a0\u00bb global_colors_info=\u00a0\u00bb{}\u00a0\u00bb]<\/p>\n<p class=\"name-spn doc-year\">2021<\/p>\n<p class=\"doc-spn\">Livret documentation financi\u00e8re, r\u00e9glement\u00e9e et Assembl\u00e9es G\u00e9n\u00e9rales<\/p>\n<p><a class=\"btn-spn hvr-sweep-to-right small-btn\" href=\"https:\/\/www.spineguard.com\/wp-content\/uploads\/Livret_Doc_Financier_2021-1.pdf\">Cliquez ici<\/a><\/p>\n<p>[\/et_pb_text][\/et_pb_column][et_pb_column type=\u00a0\u00bb1_4&Prime; _builder_version=\u00a0\u00bb4.16&Prime; global_colors_info=\u00a0\u00bb{}\u00a0\u00bb][et_pb_text admin_label=\u00a0\u00bbDoc book 2020&Prime; module_class=\u00a0\u00bbdoc-ctn blurb_click_newtab\u00a0\u00bb _builder_version=\u00a0\u00bb4.17.1&Prime; background_color=\u00a0\u00bb#ffffff\u00a0\u00bb custom_padding=\u00a0\u00bb40px|40px|40px|40px|true|true\u00a0\u00bb animation_style=\u00a0\u00bbfade\u00a0\u00bb border_radii=\u00a0\u00bbon|6px|6px|6px|6px\u00a0\u00bb locked=\u00a0\u00bboff\u00a0\u00bb global_colors_info=\u00a0\u00bb{}\u00a0\u00bb]<\/p>\n<p class=\"name-spn doc-year\">2020<\/p>\n<p class=\"doc-spn\">Livret documentation financi\u00e8re, r\u00e9glement\u00e9e et Assembl\u00e9es G\u00e9n\u00e9rales<\/p>\n<p><a href=\"https:\/\/www.spineguard.com\/wp-content\/uploads\/Livret_Doc_Financier_2020.pdf\">\u200b<\/a><a class=\"btn-spn hvr-sweep-to-right small-btn\" href=\"https:\/\/www.spineguard.com\/wp-content\/uploads\/Livret_Doc_Financier_2020.pdf\">Cliquez ici<\/a><\/p>\n<p>[\/et_pb_text][\/et_pb_column][et_pb_column type=\u00a0\u00bb1_4&Prime; _builder_version=\u00a0\u00bb4.16&Prime; global_colors_info=\u00a0\u00bb{}\u00a0\u00bb][et_pb_text admin_label=\u00a0\u00bbDoc book 2019&Prime; module_class=\u00a0\u00bbdoc-ctn blurb_click_newtab\u00a0\u00bb _builder_version=\u00a0\u00bb4.17.1&Prime; background_color=\u00a0\u00bb#ffffff\u00a0\u00bb custom_padding=\u00a0\u00bb40px|40px|40px|40px|true|true\u00a0\u00bb animation_style=\u00a0\u00bbfade\u00a0\u00bb border_radii=\u00a0\u00bbon|6px|6px|6px|6px\u00a0\u00bb global_colors_info=\u00a0\u00bb{}\u00a0\u00bb]<\/p>\n<p class=\"name-spn doc-year\">2019<\/p>\n<p class=\"doc-spn\">Livret documentation financi\u00e8re, r\u00e9glement\u00e9e et Assembl\u00e9es G\u00e9n\u00e9rales<\/p>\n<p><a class=\"btn-spn hvr-sweep-to-right small-btn\" href=\"https:\/\/www.spineguard.com\/wp-content\/uploads\/Livret_doc_financiere_2019-2.pdf\">Cliquez ici<\/a><\/p>\n<p>[\/et_pb_text][\/et_pb_column][et_pb_column type=\u00a0\u00bb1_4&Prime; _builder_version=\u00a0\u00bb4.16&Prime; global_colors_info=\u00a0\u00bb{}\u00a0\u00bb][et_pb_text admin_label=\u00a0\u00bbDoc book 2018&Prime; module_class=\u00a0\u00bbdoc-ctn blurb_click_newtab\u00a0\u00bb _builder_version=\u00a0\u00bb4.16&Prime; background_color=\u00a0\u00bb#ffffff\u00a0\u00bb custom_padding=\u00a0\u00bb40px|40px|40px|40px|true|true\u00a0\u00bb animation_style=\u00a0\u00bbfade\u00a0\u00bb border_radii=\u00a0\u00bbon|6px|6px|6px|6px\u00a0\u00bb global_colors_info=\u00a0\u00bb{}\u00a0\u00bb]<\/p>\n<p class=\"name-spn doc-year\">2018<\/p>\n<p class=\"doc-spn\">Livret documentation financi\u00e8re, r\u00e9glement\u00e9e et Assembl\u00e9es G\u00e9n\u00e9rales<\/p>\n<p><a class=\"btn-spn hvr-sweep-to-right small-btn\" href=\"https:\/\/www.spineguard.com\/wp-content\/uploads\/Livret_doc_financiere_2018.pdf\">Cliquez ici<\/a>[\/et_pb_text][\/et_pb_column][\/et_pb_row][et_pb_row column_structure=\u00a0\u00bb2_3,1_3&Prime; make_equal=\u00a0\u00bbon\u00a0\u00bb admin_label=\u00a0\u00bbRow\u00a0\u00bb module_class=\u00a0\u00bbcta-white-ctn\u00a0\u00bb _builder_version=\u00a0\u00bb4.16&Prime; z_index=\u00a0\u00bb999&Prime; custom_margin=\u00a0\u00bb80px|auto||auto||\u00a0\u00bb custom_padding=\u00a0\u00bb||30px||false|false\u00a0\u00bb global_module=\u00a0\u00bb495&Prime; locked=\u00a0\u00bboff\u00a0\u00bb collapsed=\u00a0\u00bboff\u00a0\u00bb global_colors_info=\u00a0\u00bb{}\u00a0\u00bb][et_pb_column type=\u00a0\u00bb2_3&Prime; module_class=\u00a0\u00bbds-vertical-align\u00a0\u00bb _builder_version=\u00a0\u00bb4.16&Prime; global_colors_info=\u00a0\u00bb{}\u00a0\u00bb][et_pb_text admin_label=\u00a0\u00bbText CTA\u00a0\u00bb _builder_version=\u00a0\u00bb4.25.2&Prime; global_colors_info=\u00a0\u00bb{}\u00a0\u00bb]<\/p>\n<p class=\"h2-cta\">Vous avez des questions ?<\/p>\n<p>[\/et_pb_text][\/et_pb_column][et_pb_column type=\u00a0\u00bb1_3&Prime; module_class=\u00a0\u00bbds-vertical-align\u00a0\u00bb _builder_version=\u00a0\u00bb4.16&Prime; global_colors_info=\u00a0\u00bb{}\u00a0\u00bb][et_pb_text admin_label=\u00a0\u00bbButton\u00a0\u00bb _builder_version=\u00a0\u00bb4.16&Prime; text_orientation=\u00a0\u00bbcenter\u00a0\u00bb text_text_align=\u00a0\u00bbcenter\u00a0\u00bb global_colors_info=\u00a0\u00bb{}\u00a0\u00bb]<a href=\"https:\/\/www.spineguard.com\/fr\/contact\/\" class=\"btn-spn hvr-sweep-to-right\">Contactez nous !<\/a>[\/et_pb_text][\/et_pb_column][\/et_pb_row][\/et_pb_section]<\/p>\n","protected":false},"excerpt":{"rendered":"<p>Investisseurs Documentation 2026 Contactez nousDerni\u00e8re note des analystes 26 Mars 2026 &#8211; 10H00 CET : Note d&rsquo;analyste BioStrategic Research (en fran\u00e7ais) (T\u00e9l\u00e9charger le PDF) Comptes et rapports financiers 8 avril 2026 &#8211; 7H00 CET : Rapport financier au 31\/12\/2025 (T\u00e9l\u00e9charger le PDF) 10 Septembre 2025 &#8211; 18H00 CET: Rapport financier au 30\/06\/2025 (T\u00e9l\u00e9charger le PDF) [&hellip;]<\/p>\n","protected":false},"author":1,"featured_media":0,"parent":1133,"menu_order":0,"comment_status":"closed","ping_status":"closed","template":"","meta":{"_et_pb_use_builder":"on","_et_pb_old_content":"","_et_gb_content_width":"","footnotes":""},"class_list":["post-1131","page","type-page","status-publish","hentry"],"_links":{"self":[{"href":"https:\/\/www.spineguard.com\/fr\/wp-json\/wp\/v2\/pages\/1131","targetHints":{"allow":["GET"]}}],"collection":[{"href":"https:\/\/www.spineguard.com\/fr\/wp-json\/wp\/v2\/pages"}],"about":[{"href":"https:\/\/www.spineguard.com\/fr\/wp-json\/wp\/v2\/types\/page"}],"author":[{"embeddable":true,"href":"https:\/\/www.spineguard.com\/fr\/wp-json\/wp\/v2\/users\/1"}],"replies":[{"embeddable":true,"href":"https:\/\/www.spineguard.com\/fr\/wp-json\/wp\/v2\/comments?post=1131"}],"version-history":[{"count":181,"href":"https:\/\/www.spineguard.com\/fr\/wp-json\/wp\/v2\/pages\/1131\/revisions"}],"predecessor-version":[{"id":16130,"href":"https:\/\/www.spineguard.com\/fr\/wp-json\/wp\/v2\/pages\/1131\/revisions\/16130"}],"up":[{"embeddable":true,"href":"https:\/\/www.spineguard.com\/fr\/wp-json\/wp\/v2\/pages\/1133"}],"wp:attachment":[{"href":"https:\/\/www.spineguard.com\/fr\/wp-json\/wp\/v2\/media?parent=1131"}],"curies":[{"name":"wp","href":"https:\/\/api.w.org\/{rel}","templated":true}]}}