{"id":1133,"date":"2019-07-09T16:14:09","date_gmt":"2019-07-09T14:14:09","guid":{"rendered":"https:\/\/www.spineguard.com\/investisseurs\/"},"modified":"2026-04-14T09:48:39","modified_gmt":"2026-04-14T07:48:39","slug":"investisseurs","status":"publish","type":"page","link":"https:\/\/www.spineguard.com\/fr\/investisseurs\/","title":{"rendered":"Investisseurs"},"content":{"rendered":"<p>[et_pb_section fb_built=\u00a0\u00bb1&Prime; _builder_version=\u00a0\u00bb4.16&Prime; background_color=\u00a0\u00bb#007082&Prime; use_background_color_gradient=\u00a0\u00bbon\u00a0\u00bb background_color_gradient_direction=\u00a0\u00bb234deg\u00a0\u00bb background_color_gradient_stops=\u00a0\u00bbrgba(0,112,130,0.52) 15%|#007082 100%\u00a0\u00bb background_color_gradient_overlays_image=\u00a0\u00bbon\u00a0\u00bb background_color_gradient_start=\u00a0\u00bbrgba(0,112,130,0.52)\u00a0\u00bb background_color_gradient_start_position=\u00a0\u00bb15%\u00a0\u00bb background_color_gradient_end=\u00a0\u00bb#007082&Prime; background_image=\u00a0\u00bbhttps:\/\/www.spineguard.com\/wp-content\/uploads\/bg-hexagone.svg\u00a0\u00bb background_position=\u00a0\u00bbbottom_left\u00a0\u00bb custom_margin=\u00a0\u00bb||0px|||\u00a0\u00bb custom_padding=\u00a0\u00bb100px||144px||false|false\u00a0\u00bb bottom_divider_style=\u00a0\u00bbasymmetric3&Prime; bottom_divider_color=\u00a0\u00bb#ffffff\u00a0\u00bb locked=\u00a0\u00bboff\u00a0\u00bb global_colors_info=\u00a0\u00bb{}\u00a0\u00bb][et_pb_row make_equal=\u00a0\u00bbon\u00a0\u00bb _builder_version=\u00a0\u00bb4.16&Prime; custom_margin=\u00a0\u00bb-6px|auto||auto||\u00a0\u00bb custom_padding=\u00a0\u00bb0px||0px|||\u00a0\u00bb global_colors_info=\u00a0\u00bb{}\u00a0\u00bb][et_pb_column type=\u00a0\u00bb4_4&Prime; module_class=\u00a0\u00bbds-vertical-align\u00a0\u00bb _builder_version=\u00a0\u00bb4.16&Prime; global_colors_info=\u00a0\u00bb{}\u00a0\u00bb][et_pb_text admin_label=\u00a0\u00bbCartouche + H1 + 1 button\u00a0\u00bb _builder_version=\u00a0\u00bb4.16&Prime; text_text_color=\u00a0\u00bb#ffffff\u00a0\u00bb text_font_size=\u00a0\u00bb18px\u00a0\u00bb link_font_size=\u00a0\u00bb6px\u00a0\u00bb header_text_color=\u00a0\u00bb#ffffff\u00a0\u00bb header_font_size=\u00a0\u00bb59px\u00a0\u00bb header_2_text_color=\u00a0\u00bb#ffffff\u00a0\u00bb header_2_font_size=\u00a0\u00bb24px\u00a0\u00bb header_4_text_color=\u00a0\u00bb#ffffff\u00a0\u00bb text_orientation=\u00a0\u00bbcenter\u00a0\u00bb custom_margin=\u00a0\u00bb-2px|||||\u00a0\u00bb custom_padding=\u00a0\u00bb||2px|||\u00a0\u00bb text_text_align=\u00a0\u00bbcenter\u00a0\u00bb global_colors_info=\u00a0\u00bb{}\u00a0\u00bb]<\/p>\n<p class=\"ctn-parent-spn\"><span class=\"parent-spn\">SpineGuard<\/span><\/p>\n<h1>Investisseurs<\/h1>\n<p><a class=\"btn-spn white-btn-ctn  hvr-sweep-to-right\" href=\"https:\/\/www.spineguard.com\/fr\/contact\/\">Contactez nous<\/a><\/p>\n<p>[\/et_pb_text][\/et_pb_column][\/et_pb_row][\/et_pb_section][et_pb_section fb_built=\u00a0\u00bb1&Prime; _builder_version=\u00a0\u00bb4.16&Prime; custom_padding=\u00a0\u00bb60px||60px||true|\u00a0\u00bb global_colors_info=\u00a0\u00bb{}\u00a0\u00bb][et_pb_row _builder_version=\u00a0\u00bb4.16&Prime; custom_padding=\u00a0\u00bb0px||0px||false|false\u00a0\u00bb animation_style=\u00a0\u00bbslide\u00a0\u00bb animation_direction=\u00a0\u00bbright\u00a0\u00bb locked=\u00a0\u00bboff\u00a0\u00bb global_colors_info=\u00a0\u00bb{}\u00a0\u00bb][et_pb_column type=\u00a0\u00bb4_4&Prime; _builder_version=\u00a0\u00bb4.16&Prime; global_colors_info=\u00a0\u00bb{}\u00a0\u00bb][et_pb_text admin_label=\u00a0\u00bbH2 Investor Informations\u00a0\u00bb _builder_version=\u00a0\u00bb4.16&Prime; header_2_text_align=\u00a0\u00bbleft\u00a0\u00bb custom_margin=\u00a0\u00bb||16px|||\u00a0\u00bb locked=\u00a0\u00bboff\u00a0\u00bb global_colors_info=\u00a0\u00bb{}\u00a0\u00bb]<\/p>\n<h2>Informations investisseurs<\/h2>\n<p>[\/et_pb_text][\/et_pb_column][\/et_pb_row][et_pb_row column_structure=\u00a0\u00bb2_5,3_5&Prime; use_custom_gutter=\u00a0\u00bbon\u00a0\u00bb gutter_width=\u00a0\u00bb2&Prime; _builder_version=\u00a0\u00bb4.23.1&Prime; custom_margin=\u00a0\u00bb|auto|||false|false\u00a0\u00bb custom_padding=\u00a0\u00bb0px|||||\u00a0\u00bb global_colors_info=\u00a0\u00bb{}\u00a0\u00bb][et_pb_column type=\u00a0\u00bb2_5&Prime; _builder_version=\u00a0\u00bb4.16&Prime; global_colors_info=\u00a0\u00bb{}\u00a0\u00bb][et_pb_image src=\u00a0\u00bbhttps:\/\/www.spineguard.com\/wp-content\/uploads\/PJ-SB-2.png\u00a0\u00bb alt=\u00a0\u00bbSt\u00e9phane Bette &#8211; Director, Co-Founder and Chief Executive Officer\u00a0\u00bb title_text=\u00a0\u00bbPJ &#038; SB 2&Prime; admin_label=\u00a0\u00bbImage Stephane &#038; Pierre\u00a0\u00bb _builder_version=\u00a0\u00bb4.17.4&Prime; width=\u00a0\u00bb100%\u00a0\u00bb width_tablet=\u00a0\u00bb100%\u00a0\u00bb width_phone=\u00a0\u00bb40%\u00a0\u00bb width_last_edited=\u00a0\u00bbon|phone\u00a0\u00bb module_alignment=\u00a0\u00bbleft\u00a0\u00bb custom_margin=\u00a0\u00bb|-88px||||\u00a0\u00bb custom_padding=\u00a0\u00bb|0px||||\u00a0\u00bb border_radii=\u00a0\u00bbon|6px|6px|6px|6px\u00a0\u00bb global_colors_info=\u00a0\u00bb{}\u00a0\u00bb][\/et_pb_image][et_pb_text admin_label=\u00a0\u00bbName + poste\u00a0\u00bb _builder_version=\u00a0\u00bb4.17.4&Prime; header_3_text_color=\u00a0\u00bb#ea6600&Prime; header_3_font_size=\u00a0\u00bb20px\u00a0\u00bb width=\u00a0\u00bb100%\u00a0\u00bb min_height=\u00a0\u00bb86px\u00a0\u00bb custom_padding=\u00a0\u00bb||0px|||\u00a0\u00bb global_colors_info=\u00a0\u00bb{}\u00a0\u00bb]<\/p>\n<table style=\"width: 100%; border-collapse: collapse; border-color: #ffffff; background-color: #ffffff; border-style: solid;\" border=\"0\">\n<tbody>\n<tr>\n<td style=\"width: 50%;\"><span style=\"font-family: inherit; font-weight: normal; font-size: small;\">St\u00e9phane Bette, <\/span><br \/><span style=\"font-family: inherit; font-weight: normal; font-size: small;\">Directeur G\u00e9n\u00e9ral D\u00e9l\u00e9gu\u00e9<br \/>et Co-fondateur<\/span><\/td>\n<td style=\"width: 50%; text-align: right;\"><span style=\"font-family: inherit; font-weight: normal; font-size: small;\">Pierre J\u00e9r\u00f4me,<\/span><br \/><span style=\"font-family: inherit; font-weight: normal; font-size: small;\">Pr\u00e9sident Directeur G\u00e9n\u00e9ral<br \/>et Co-fondateur<\/span><\/td>\n<\/tr>\n<\/tbody>\n<\/table>\n<p>[\/et_pb_text][\/et_pb_column][et_pb_column type=\u00a0\u00bb3_5&Prime; _builder_version=\u00a0\u00bb4.16&Prime; global_colors_info=\u00a0\u00bb{}\u00a0\u00bb][et_pb_text admin_label=\u00a0\u00bbh3 letter\u00a0\u00bb _builder_version=\u00a0\u00bb4.16&Prime; header_3_text_color=\u00a0\u00bb#ea6600&Prime; header_3_font_size=\u00a0\u00bb25px\u00a0\u00bb custom_margin=\u00a0\u00bb||5px|||\u00a0\u00bb global_colors_info=\u00a0\u00bb{}\u00a0\u00bb]<\/p>\n<h3>Chers Actionnaires,<\/h3>\n<p>[\/et_pb_text][et_pb_text admin_label=\u00a0\u00bbLetter + read more &#8211; popup in popup maker\u00a0\u00bb _builder_version=\u00a0\u00bb4.27.5&Prime; header_3_text_color=\u00a0\u00bb#ea6600&Prime; header_3_font_size=\u00a0\u00bb20px\u00a0\u00bb global_colors_info=\u00a0\u00bb{}\u00a0\u00bb]<\/p>\n<p>Nos co-fondateurs, Pierre J\u00e9r\u00f4me et St\u00e9phane Bette, r\u00e9pondent directement aux questions cl\u00e9s de nos actionnaires concernant la strat\u00e9gie, la situation financi\u00e8re et les perspectives de SpineGuard. <a href=\"https:\/\/bit.ly\/42MT3YD\">Visionner le message des dirigeants.\u00a0<\/a><\/p>\n<p><a href=\"https:\/\/www.spineguard.com\/wp-content\/uploads\/SpineGuard_CP_2026-calendrier-financier_FR_vf.pdf\">Lire les derni\u00e8res actualit\u00e9s financi\u00e8res<\/a><\/p>\n<p>[\/et_pb_text][\/et_pb_column][\/et_pb_row][\/et_pb_section][et_pb_section fb_built=\u00a0\u00bb1&Prime; _builder_version=\u00a0\u00bb4.16&Prime; background_color=\u00a0\u00bb#f9f9f9&Prime; custom_padding=\u00a0\u00bb21px||21px||true|\u00a0\u00bb top_divider_style=\u00a0\u00bbslant\u00a0\u00bb top_divider_color=\u00a0\u00bb#ffffff\u00a0\u00bb top_divider_height=\u00a0\u00bb82px\u00a0\u00bb bottom_divider_style=\u00a0\u00bbasymmetric3&Prime; bottom_divider_color=\u00a0\u00bb#007082&Prime; bottom_divider_flip=\u00a0\u00bbvertical\u00a0\u00bb global_colors_info=\u00a0\u00bb{}\u00a0\u00bb][et_pb_row _builder_version=\u00a0\u00bb4.16&Prime; custom_margin=\u00a0\u00bb40px|auto||auto||\u00a0\u00bb custom_padding=\u00a0\u00bb40px||0px||false|false\u00a0\u00bb animation_style=\u00a0\u00bbslide\u00a0\u00bb animation_direction=\u00a0\u00bbleft\u00a0\u00bb locked=\u00a0\u00bboff\u00a0\u00bb global_colors_info=\u00a0\u00bb{}\u00a0\u00bb][et_pb_column type=\u00a0\u00bb4_4&Prime; _builder_version=\u00a0\u00bb4.16&Prime; global_colors_info=\u00a0\u00bb{}\u00a0\u00bb][et_pb_text admin_label=\u00a0\u00bbH2 Stock info\u00a0\u00bb _builder_version=\u00a0\u00bb4.17.3&Prime; header_2_text_align=\u00a0\u00bbleft\u00a0\u00bb custom_margin=\u00a0\u00bb||16px|||\u00a0\u00bb locked=\u00a0\u00bboff\u00a0\u00bb global_colors_info=\u00a0\u00bb{}\u00a0\u00bb]<\/p>\n<h2>Bourse<\/h2>\n<p>[\/et_pb_text][\/et_pb_column][\/et_pb_row][et_pb_row column_structure=\u00a0\u00bb1_2,1_2&Prime; _builder_version=\u00a0\u00bb4.16&Prime; custom_margin=\u00a0\u00bb-8px|auto||auto||\u00a0\u00bb custom_padding=\u00a0\u00bb0px||0px||false|false\u00a0\u00bb animation_style=\u00a0\u00bbslide\u00a0\u00bb animation_direction=\u00a0\u00bbleft\u00a0\u00bb locked=\u00a0\u00bboff\u00a0\u00bb global_colors_info=\u00a0\u00bb{}\u00a0\u00bb][et_pb_column type=\u00a0\u00bb1_2&Prime; _builder_version=\u00a0\u00bb4.16&Prime; global_colors_info=\u00a0\u00bb{}\u00a0\u00bb][et_pb_text admin_label=\u00a0\u00bbH3 stock echange + list\u00a0\u00bb _builder_version=\u00a0\u00bb4.27.4&Prime; ul_font=\u00a0\u00bb||||||||\u00a0\u00bb header_2_text_align=\u00a0\u00bbleft\u00a0\u00bb header_3_text_color=\u00a0\u00bb#ea6600&Prime; header_3_font_size=\u00a0\u00bb25px\u00a0\u00bb custom_margin=\u00a0\u00bb1px||16px|||\u00a0\u00bb locked=\u00a0\u00bboff\u00a0\u00bb global_colors_info=\u00a0\u00bb{}\u00a0\u00bb]<\/p>\n<h3>Informations boursi\u00e8res<\/h3>\n<ul class=\"ul-spn\">\n<li>Code ISIN : <span class=\"green-spn\">FR0011464452<\/span><\/li>\n<li>Cotation boursi\u00e8re :<span class=\"green-spn\"> ALSGD<\/span><\/li>\n<li>Nombre d&rsquo;actions : <span style=\"color: #007082;\">62 227 957<\/span><\/li>\n<li>Secteur : <span class=\"green-spn\">Technologies m\u00e9dicales<\/span><\/li>\n<li>Indice principal : <span class=\"green-spn\">Alternext All-share<\/span><\/li>\n<li>March\u00e9 : <span class=\"green-spn\">Euronext-Growth<\/span><\/li>\n<li>Lieu de cotation : <span class=\"green-spn\">Euronext Paris (France)<\/span><\/li>\n<li>\u00c9ligibilit\u00e9 au PEA\/SRD : Oui<span class=\"green-spn\">\/Non<\/span><\/li>\n<li>\u00c9ligibilit\u00e9 au PEA-PME : <span class=\"green-spn\">Oui<\/span><\/li>\n<\/ul>\n<p>[\/et_pb_text][\/et_pb_column][et_pb_column type=\u00a0\u00bb1_2&Prime; _builder_version=\u00a0\u00bb4.16&Prime; global_colors_info=\u00a0\u00bb{}\u00a0\u00bb][et_pb_text admin_label=\u00a0\u00bbH3 Financial agenda + list\u00a0\u00bb _builder_version=\u00a0\u00bb4.27.5&Prime; text_text_color=\u00a0\u00bb#5A5A5A\u00a0\u00bb ul_font=\u00a0\u00bb||||||||\u00a0\u00bb header_2_text_align=\u00a0\u00bbleft\u00a0\u00bb header_3_text_color=\u00a0\u00bb#ea6600&Prime; header_3_font_size=\u00a0\u00bb25px\u00a0\u00bb custom_margin=\u00a0\u00bb1px||16px|||\u00a0\u00bb locked=\u00a0\u00bboff\u00a0\u00bb global_colors_info=\u00a0\u00bb{}\u00a0\u00bb]<\/p>\n<h3>Agenda financier<\/h3>\n<ul class=\"ul-spn\">\n<li>19 janvier 2026 : <span class=\"green-spn\">Chiffre d&rsquo;affaires annuel 2025<\/span><\/li>\n<li>08 avril 2026 : <span class=\"green-spn\">R\u00e9sultats annuels 2025<\/span><\/li>\n<li>08 avril 2026 : <span style=\"color: #007082;\">Chiffre d&rsquo;affaires 1er trimestre<\/span> <span class=\"green-spn\">2026<\/span><\/li>\n<li><span class=\"green-spn\"><span style=\"color: #5a5a5a;\">27 mai 2026 :<\/span> Assembl\u00e9e g\u00e9n\u00e9rale annuelle (1\u00e8re convocation)<\/span><\/li>\n<li>10 juin 2026 : <span class=\"green-spn\">Assembl\u00e9e g\u00e9n\u00e9rale annuelle (2\u00e8me convocation le cas \u00e9ch\u00e9ant)<\/span><\/li>\n<li>08 juillet 2026 : <span style=\"color: #007082;\">Chiffre d&rsquo;affaires 1er semestre<\/span> <span class=\"green-spn\">2026<\/span><\/li>\n<li>09 septembre 2026 : <span style=\"color: #007082;\">R\u00e9sultats 1er semestre <\/span><span class=\"green-spn\"><span style=\"color: #007082;\">20<\/span>26<\/span><\/li>\n<li>08 octobre 2026 : <span style=\"color: #007082;\">Chiffre d&rsquo;affaires 3\u00e8me trimestre <\/span><span class=\"green-spn\">2026<\/span><\/li>\n<\/ul>\n<p>[\/et_pb_text][\/et_pb_column][\/et_pb_row][et_pb_row column_structure=\u00a0\u00bb1_2,1_2&Prime; _builder_version=\u00a0\u00bb4.16&Prime; custom_margin=\u00a0\u00bb-8px|auto||auto||\u00a0\u00bb custom_padding=\u00a0\u00bb0px||0px||false|false\u00a0\u00bb animation_style=\u00a0\u00bbslide\u00a0\u00bb animation_direction=\u00a0\u00bbleft\u00a0\u00bb locked=\u00a0\u00bboff\u00a0\u00bb global_colors_info=\u00a0\u00bb{}\u00a0\u00bb][et_pb_column type=\u00a0\u00bb1_2&Prime; _builder_version=\u00a0\u00bb4.16&Prime; global_colors_info=\u00a0\u00bb{}\u00a0\u00bb][et_pb_text admin_label=\u00a0\u00bbH3 Analyst + list\u00a0\u00bb _builder_version=\u00a0\u00bb4.27.6&Prime; ul_font=\u00a0\u00bb||||||||\u00a0\u00bb header_2_text_align=\u00a0\u00bbleft\u00a0\u00bb header_3_text_color=\u00a0\u00bb#ea6600&Prime; header_3_font_size=\u00a0\u00bb25px\u00a0\u00bb custom_margin=\u00a0\u00bb1px||16px|||\u00a0\u00bb hover_enabled=\u00a0\u00bb0&Prime; locked=\u00a0\u00bboff\u00a0\u00bb global_colors_info=\u00a0\u00bb{}\u00a0\u00bb sticky_enabled=\u00a0\u00bb0&Prime;]<\/p>\n<h3>Analyste financier<\/h3>\n<ul class=\"ul-spn\">\n<li><a href=\"https:\/\/www.spineguard.com\/wp-content\/uploads\/SPINEGUARD-Flash-SwissLife-Banque-Privee-2026-04-14-FR.pdf\">Flash valeur<\/a> \u2013 14 avril 2026<\/li>\n<li><a href=\"https:\/\/www.spineguard.com\/wp-content\/uploads\/SPINEGUARD-Flash-SwissLife-Banque-Privee-2026-04-08-FR.pdf\">Flash valeur<\/a> \u2013 8 avril 2026<\/li>\n<li><a href=\"https:\/\/www.spineguard.com\/wp-content\/uploads\/SPINEGUARD-Flash-SwissLife-Banque-Privee-2026-03-26-FR.pdf\">Flash valeur <\/a>\u2013 26 mars 2026<\/li>\n<li><a href=\"https:\/\/www.spineguard.com\/wp-content\/uploads\/SPINEGUARD-Flash-SwissLife-Banque-Privee-2026-01-20-FR.pdf\">Flash valeur<\/a> \u2013 20 janvier 2026<\/li>\n<li>Biostrategic Research : <span style=\"color: #007082;\">Lionel Labourdette<\/span><\/li>\n<\/ul>\n<p>[\/et_pb_text][\/et_pb_column][et_pb_column type=\u00a0\u00bb1_2&Prime; _builder_version=\u00a0\u00bb4.16&Prime; global_colors_info=\u00a0\u00bb{}\u00a0\u00bb][et_pb_text admin_label=\u00a0\u00bbH3 Others + list\u00a0\u00bb _builder_version=\u00a0\u00bb4.16&Prime; ul_font=\u00a0\u00bb||||||||\u00a0\u00bb header_2_text_align=\u00a0\u00bbleft\u00a0\u00bb header_3_text_color=\u00a0\u00bb#ea6600&Prime; header_3_font_size=\u00a0\u00bb25px\u00a0\u00bb custom_margin=\u00a0\u00bb1px||16px|||\u00a0\u00bb locked=\u00a0\u00bboff\u00a0\u00bb global_colors_info=\u00a0\u00bb{}\u00a0\u00bb]<\/p>\n<h3>Autres<\/h3>\n<ul class=\"ul-spn\">\n<li>Contrat de liquidit\u00e9 : <span style=\"color: #007082;\">Tradition Securities And Futures (TSAF)<\/span><\/li>\n<li>Commissaires aux comptes :<span style=\"color: #007082;\"> Grant Thornton<\/span><\/li>\n<li>Sponsor de cotation : <span style=\"color: #007082;\">Swiss Life Banque Priv\u00e9e<\/span><\/li>\n<\/ul>\n<p>[\/et_pb_text][\/et_pb_column][\/et_pb_row][et_pb_row column_structure=\u00a0\u00bb1_2,1_2&Prime; _builder_version=\u00a0\u00bb4.16&Prime; custom_margin=\u00a0\u00bb-8px|auto||auto||\u00a0\u00bb custom_padding=\u00a0\u00bb0px||0px||false|false\u00a0\u00bb animation_style=\u00a0\u00bbslide\u00a0\u00bb animation_direction=\u00a0\u00bbleft\u00a0\u00bb locked=\u00a0\u00bboff\u00a0\u00bb global_colors_info=\u00a0\u00bb{}\u00a0\u00bb][et_pb_column type=\u00a0\u00bb1_2&Prime; _builder_version=\u00a0\u00bb4.16&Prime; global_colors_info=\u00a0\u00bb{}\u00a0\u00bb][et_pb_text admin_label=\u00a0\u00bbH3 Shareholder + text date\u00a0\u00bb _builder_version=\u00a0\u00bb4.27.4&Prime; ul_font=\u00a0\u00bb||||||||\u00a0\u00bb header_2_text_align=\u00a0\u00bbleft\u00a0\u00bb header_3_text_color=\u00a0\u00bb#ea6600&Prime; header_3_font_size=\u00a0\u00bb25px\u00a0\u00bb custom_margin=\u00a0\u00bb1px||16px|||\u00a0\u00bb locked=\u00a0\u00bboff\u00a0\u00bb global_colors_info=\u00a0\u00bb{}\u00a0\u00bb]<\/p>\n<h3>Structure de l&rsquo;Actionnariat<\/h3>\n<p>(26 juin 2025)<\/p>\n<p>[\/et_pb_text][et_pb_text admin_label=\u00a0\u00bbChart shortcode &#8211; Media &#8211; Visualiser library\u00a0\u00bb _builder_version=\u00a0\u00bb4.16&Prime; ul_font=\u00a0\u00bb||||||||\u00a0\u00bb header_2_text_align=\u00a0\u00bbleft\u00a0\u00bb header_3_text_color=\u00a0\u00bb#ea6600&Prime; header_3_font_size=\u00a0\u00bb25px\u00a0\u00bb background_color=\u00a0\u00bb#ffffff\u00a0\u00bb custom_margin=\u00a0\u00bb1px||16px|||\u00a0\u00bb border_radii=\u00a0\u00bbon|6px|6px|6px|6px\u00a0\u00bb locked=\u00a0\u00bboff\u00a0\u00bb global_colors_info=\u00a0\u00bb{}\u00a0\u00bb]<\/p>\n<div class=\"visualizer-front-container\" id=\"chart_wrapper_visualizer-857-653104719\"><style type=\"text\/css\" name=\"visualizer-custom-css\" id=\"customcss-visualizer-857\">.locker,.locker-loader{position:absolute;top:0;left:0;width:100%;height:100%}.locker{z-index:1000;opacity:.8;background-color:#fff;-ms-filter:\"progid:DXImageTransform.Microsoft.Alpha(Opacity=80)\";filter:alpha(opacity=80)}.locker-loader{z-index:1001;background:url(https:\/\/www.spineguard.com\/wp-content\/plugins\/visualizer\/images\/ajax-loader.gif) no-repeat center center}.dt-button{display:none!important}.visualizer-front-container.visualizer-lazy-render{content-visibility: auto;}.google-visualization-controls-categoryfilter label.google-visualization-controls-label {vertical-align: middle;}.google-visualization-controls-categoryfilter li.goog-inline-block {margin: 0 0.2em;}.google-visualization-controls-categoryfilter li {padding: 0 0.2em;}.visualizer-front-container .dataTables_scrollHeadInner{margin: 0 auto;}<\/style><div id=\"visualizer-857-653104719\" class=\"visualizer-front  visualizer-front-857\"><\/div><!-- Not showing structured data for chart 857 because title is empty --><\/div>\n<p>[\/et_pb_text][\/et_pb_column][et_pb_column type=\u00a0\u00bb1_2&Prime; _builder_version=\u00a0\u00bb4.16&Prime; global_colors_info=\u00a0\u00bb{}\u00a0\u00bb][et_pb_text admin_label=\u00a0\u00bbH3 Stockquote\u00a0\u00bb _builder_version=\u00a0\u00bb4.27.4&Prime; ul_font=\u00a0\u00bb||||||||\u00a0\u00bb header_2_text_align=\u00a0\u00bbleft\u00a0\u00bb header_3_text_color=\u00a0\u00bb#ea6600&Prime; header_3_font_size=\u00a0\u00bb25px\u00a0\u00bb custom_margin=\u00a0\u00bb1px||16px|||\u00a0\u00bb locked=\u00a0\u00bboff\u00a0\u00bb global_colors_info=\u00a0\u00bb{}\u00a0\u00bb]<\/p>\n<h3>Cours de l\u2019action boursi\u00e8re<\/h3>\n<p>Pour consulter le cours de l&rsquo;action en temps r\u00e9el, <a href=\"https:\/\/live.euronext.com\/en\/product\/equities\/FR0011464452-ALXP\">cliquez ici<\/a>.<\/p>\n<p>[\/et_pb_text][\/et_pb_column][\/et_pb_row][et_pb_row column_structure=\u00a0\u00bb2_3,1_3&Prime; make_equal=\u00a0\u00bbon\u00a0\u00bb admin_label=\u00a0\u00bbRow\u00a0\u00bb module_class=\u00a0\u00bbcta-white-ctn\u00a0\u00bb _builder_version=\u00a0\u00bb4.16&Prime; z_index=\u00a0\u00bb999&Prime; custom_margin=\u00a0\u00bb80px|auto||auto||\u00a0\u00bb custom_padding=\u00a0\u00bb||30px||false|false\u00a0\u00bb global_module=\u00a0\u00bb495&Prime; locked=\u00a0\u00bboff\u00a0\u00bb collapsed=\u00a0\u00bboff\u00a0\u00bb global_colors_info=\u00a0\u00bb{}\u00a0\u00bb][et_pb_column type=\u00a0\u00bb2_3&Prime; module_class=\u00a0\u00bbds-vertical-align\u00a0\u00bb _builder_version=\u00a0\u00bb4.16&Prime; global_colors_info=\u00a0\u00bb{}\u00a0\u00bb][et_pb_text admin_label=\u00a0\u00bbText CTA\u00a0\u00bb _builder_version=\u00a0\u00bb4.25.2&Prime; global_colors_info=\u00a0\u00bb{}\u00a0\u00bb]<\/p>\n<p class=\"h2-cta\">Vous avez des questions ?<\/p>\n<p>[\/et_pb_text][\/et_pb_column][et_pb_column type=\u00a0\u00bb1_3&Prime; module_class=\u00a0\u00bbds-vertical-align\u00a0\u00bb _builder_version=\u00a0\u00bb4.16&Prime; global_colors_info=\u00a0\u00bb{}\u00a0\u00bb][et_pb_text admin_label=\u00a0\u00bbButton\u00a0\u00bb _builder_version=\u00a0\u00bb4.16&Prime; text_orientation=\u00a0\u00bbcenter\u00a0\u00bb text_text_align=\u00a0\u00bbcenter\u00a0\u00bb global_colors_info=\u00a0\u00bb{}\u00a0\u00bb]<a href=\"https:\/\/www.spineguard.com\/fr\/contact\/\" class=\"btn-spn hvr-sweep-to-right\">Contactez nous !<\/a>[\/et_pb_text][\/et_pb_column][\/et_pb_row][\/et_pb_section]<\/p>\n","protected":false},"excerpt":{"rendered":"<p>SpineGuard Investisseurs Contactez nousInformations investisseurs St\u00e9phane Bette, Directeur G\u00e9n\u00e9ral D\u00e9l\u00e9gu\u00e9et Co-fondateur Pierre J\u00e9r\u00f4me,Pr\u00e9sident Directeur G\u00e9n\u00e9ralet Co-fondateur Chers Actionnaires,Nos co-fondateurs, Pierre J\u00e9r\u00f4me et St\u00e9phane Bette, r\u00e9pondent directement aux questions cl\u00e9s de nos actionnaires concernant la strat\u00e9gie, la situation financi\u00e8re et les perspectives de SpineGuard. Visionner le message des dirigeants.\u00a0 Lire les derni\u00e8res actualit\u00e9s financi\u00e8resBourseInformations boursi\u00e8res Code [&hellip;]<\/p>\n","protected":false},"author":1,"featured_media":0,"parent":0,"menu_order":8,"comment_status":"closed","ping_status":"closed","template":"","meta":{"_et_pb_use_builder":"on","_et_pb_old_content":"","_et_gb_content_width":"","footnotes":""},"class_list":["post-1133","page","type-page","status-publish","hentry"],"_links":{"self":[{"href":"https:\/\/www.spineguard.com\/fr\/wp-json\/wp\/v2\/pages\/1133","targetHints":{"allow":["GET"]}}],"collection":[{"href":"https:\/\/www.spineguard.com\/fr\/wp-json\/wp\/v2\/pages"}],"about":[{"href":"https:\/\/www.spineguard.com\/fr\/wp-json\/wp\/v2\/types\/page"}],"author":[{"embeddable":true,"href":"https:\/\/www.spineguard.com\/fr\/wp-json\/wp\/v2\/users\/1"}],"replies":[{"embeddable":true,"href":"https:\/\/www.spineguard.com\/fr\/wp-json\/wp\/v2\/comments?post=1133"}],"version-history":[{"count":80,"href":"https:\/\/www.spineguard.com\/fr\/wp-json\/wp\/v2\/pages\/1133\/revisions"}],"predecessor-version":[{"id":16161,"href":"https:\/\/www.spineguard.com\/fr\/wp-json\/wp\/v2\/pages\/1133\/revisions\/16161"}],"wp:attachment":[{"href":"https:\/\/www.spineguard.com\/fr\/wp-json\/wp\/v2\/media?parent=1133"}],"curies":[{"name":"wp","href":"https:\/\/api.w.org\/{rel}","templated":true}]}}