{"id":1152,"date":"2019-08-06T10:32:40","date_gmt":"2019-08-06T08:32:40","guid":{"rendered":"https:\/\/www.spineguard.com\/produits-et-applications\/produits-rachis\/module-integration-dsg-pour-systeme-de-vis-pediculaire\/"},"modified":"2022-02-17T12:50:50","modified_gmt":"2022-02-17T11:50:50","slug":"module-integration-dsg-pour-systeme-de-vis-pediculaire","status":"publish","type":"page","link":"https:\/\/www.spineguard.com\/fr\/produits-et-applications\/produits-rachis\/module-integration-dsg-pour-systeme-de-vis-pediculaire\/","title":{"rendered":"DSG \u201cSmart\u201d Screw"},"content":{"rendered":"<p>[et_pb_section fb_built=\u00a0\u00bb1&Prime; _builder_version=\u00a0\u00bb3.26.6&Prime; background_color=\u00a0\u00bb#007082&Prime; use_background_color_gradient=\u00a0\u00bbon\u00a0\u00bb background_color_gradient_start=\u00a0\u00bbrgba(0,112,130,0.52)\u00a0\u00bb background_color_gradient_end=\u00a0\u00bb#007082&Prime; background_color_gradient_direction=\u00a0\u00bb234deg\u00a0\u00bb background_color_gradient_start_position=\u00a0\u00bb15%\u00a0\u00bb background_color_gradient_overlays_image=\u00a0\u00bbon\u00a0\u00bb background_image=\u00a0\u00bbhttps:\/\/www.spineguard.com\/wp-content\/uploads\/bg-hexagone.svg\u00a0\u00bb custom_margin=\u00a0\u00bb||0px|||\u00a0\u00bb custom_padding=\u00a0\u00bb100px||42px||false|false\u00a0\u00bb bottom_divider_style=\u00a0\u00bbasymmetric3&Prime; bottom_divider_color=\u00a0\u00bb#ffffff\u00a0\u00bb locked=\u00a0\u00bboff\u00a0\u00bb global_colors_info=\u00a0\u00bb{}\u00a0\u00bb][et_pb_row make_equal=\u00a0\u00bbon\u00a0\u00bb _builder_version=\u00a0\u00bb3.26.3&Prime; custom_margin=\u00a0\u00bb-6px|auto||auto||\u00a0\u00bb custom_padding=\u00a0\u00bb0px||0px|||\u00a0\u00bb global_colors_info=\u00a0\u00bb{}\u00a0\u00bb][et_pb_column type=\u00a0\u00bb4_4&Prime; module_class=\u00a0\u00bbds-vertical-align\u00a0\u00bb _builder_version=\u00a0\u00bb3.26.3&Prime; global_colors_info=\u00a0\u00bb{}\u00a0\u00bb][et_pb_text admin_label=\u00a0\u00bbCartouche + H1 + 1 button\u00a0\u00bb _builder_version=\u00a0\u00bb3.29.3&Prime; text_text_color=\u00a0\u00bb#ffffff\u00a0\u00bb text_font_size=\u00a0\u00bb18px\u00a0\u00bb link_font_size=\u00a0\u00bb6px\u00a0\u00bb header_text_color=\u00a0\u00bb#ffffff\u00a0\u00bb header_font_size=\u00a0\u00bb59px\u00a0\u00bb header_2_text_color=\u00a0\u00bb#ffffff\u00a0\u00bb header_2_font_size=\u00a0\u00bb24px\u00a0\u00bb text_orientation=\u00a0\u00bbcenter\u00a0\u00bb custom_margin=\u00a0\u00bb-2px||3px|||\u00a0\u00bb custom_padding=\u00a0\u00bb||2px|||\u00a0\u00bb text_text_align=\u00a0\u00bbcenter\u00a0\u00bb global_colors_info=\u00a0\u00bb{}\u00a0\u00bb]<\/p>\n<p class=\"ctn-parent-spn\"><span class=\"parent-spn\">Gamme rachis<\/span><\/p>\n<h1>Vis \u201cIntelligente\u201d DSG<\/h1>\n<p>[\/et_pb_text][et_pb_image src=\u00a0\u00bbhttps:\/\/www.spineguard.com\/wp-content\/uploads\/DSG-Screw-Smart.png\u00a0\u00bb alt=\u00a0\u00bbDSG-Screw-Smart\u00a0\u00bb align=\u00a0\u00bbcenter\u00a0\u00bb _builder_version=\u00a0\u00bb3.27.4&Prime; custom_margin=\u00a0\u00bb||-110px||false|false\u00a0\u00bb custom_margin_tablet=\u00a0\u00bb||-80px||false|false\u00a0\u00bb custom_margin_phone=\u00a0\u00bb||-90px||false|false\u00a0\u00bb custom_margin_last_edited=\u00a0\u00bbon|phone\u00a0\u00bb animation_style=\u00a0\u00bbslide\u00a0\u00bb animation_direction=\u00a0\u00bbright\u00a0\u00bb global_colors_info=\u00a0\u00bb{}\u00a0\u00bb][\/et_pb_image][\/et_pb_column][\/et_pb_row][\/et_pb_section][et_pb_section fb_built=\u00a0\u00bb1&Prime; module_class=\u00a0\u00bbbg-left-spine\u00a0\u00bb _builder_version=\u00a0\u00bb3.26.6&Prime; background_enable_image=\u00a0\u00bboff\u00a0\u00bb background_size=\u00a0\u00bbinitial\u00a0\u00bb background_position=\u00a0\u00bbcenter_right\u00a0\u00bb custom_padding=\u00a0\u00bb7px||19px|||\u00a0\u00bb bottom_divider_style=\u00a0\u00bbslant\u00a0\u00bb bottom_divider_color=\u00a0\u00bb#f9f9f9&Prime; bottom_divider_flip=\u00a0\u00bbvertical\u00a0\u00bb locked=\u00a0\u00bboff\u00a0\u00bb global_colors_info=\u00a0\u00bb{}\u00a0\u00bb][et_pb_row use_custom_gutter=\u00a0\u00bbon\u00a0\u00bb gutter_width=\u00a0\u00bb2&Prime; make_equal=\u00a0\u00bbon\u00a0\u00bb admin_label=\u00a0\u00bbStraight Pediguard\u00a0\u00bb _builder_version=\u00a0\u00bb3.26.6&Prime; custom_padding=\u00a0\u00bb45px||45px||true|\u00a0\u00bb global_colors_info=\u00a0\u00bb{}\u00a0\u00bb][et_pb_column type=\u00a0\u00bb4_4&Prime; module_class=\u00a0\u00bbds-vertical-align\u00a0\u00bb _builder_version=\u00a0\u00bb3.26.3&Prime; global_colors_info=\u00a0\u00bb{}\u00a0\u00bb][et_pb_text admin_label=\u00a0\u00bbh2&Prime; _builder_version=\u00a0\u00bb3.27.4&Prime; header_2_text_align=\u00a0\u00bbcenter\u00a0\u00bb header_2_line_height=\u00a0\u00bb1.2em\u00a0\u00bb header_3_font_size=\u00a0\u00bb32px\u00a0\u00bb header_3_line_height=\u00a0\u00bb0.95em\u00a0\u00bb custom_margin=\u00a0\u00bb||-1px|||\u00a0\u00bb custom_padding=\u00a0\u00bb||5px|||\u00a0\u00bb global_colors_info=\u00a0\u00bb{}\u00a0\u00bb]<\/p>\n<h2>Caract\u00e9ristiques principales<\/h2>\n<p>[\/et_pb_text][et_pb_text admin_label=\u00a0\u00bblist\u00a0\u00bb _builder_version=\u00a0\u00bb3.27.4&Prime; header_2_line_height=\u00a0\u00bb1.2em\u00a0\u00bb header_3_font_size=\u00a0\u00bb32px\u00a0\u00bb header_3_line_height=\u00a0\u00bb0.95em\u00a0\u00bb custom_margin=\u00a0\u00bb||19px|||\u00a0\u00bb custom_padding=\u00a0\u00bb||20px|||\u00a0\u00bb global_colors_info=\u00a0\u00bb{}\u00a0\u00bb]La technologie DSG guide le chirurgien en temps r\u00e9el pour l\u2019insertion directe de vis p\u00e9diculaires dans les vert\u00e8bres sans avoir besoin de percer un pr\u00e9-trou.<\/p>\n<ul class=\"ul-spn\">\n<li>Con\u00e7u pour am\u00e9liorer l\u2019insertion de vis lors de chirurgies en abord ouvert ou percutan\u00e9<\/li>\n<li>Dispense l\u2019utilisation d\u2019une broche Kirschner en MIS<\/li>\n<li>Permet l\u2019insertion directe de vis p\u00e9diculaires avec un degr\u00e9 de pr\u00e9cision sans pr\u00e9c\u00e9dent combin\u00e9e \u00e0 de nombreux b\u00e9n\u00e9fices comme la r\u00e9duction de l\u2019exposition aux radiations ou la simplification des \u00e9tapes de la chirurgie permettant des \u00e9conomies de temps et de co\u00fbt pour l\u2019h\u00f4pital.<\/li>\n<\/ul>\n<p>En 2016, la vis \u201cintelligente\u201d DSG a \u00e9t\u00e9 r\u00e9compens\u00e9e comme l\u2019une des meilleures technologies pour le traitement de la colonne vert\u00e9brale par Orthopedic This Week.[\/et_pb_text][\/et_pb_column][\/et_pb_row][\/et_pb_section][et_pb_section fb_built=\u00a0\u00bb1&Prime; module_class=\u00a0\u00bbbg-left-spine\u00a0\u00bb _builder_version=\u00a0\u00bb3.26.6&Prime; background_color=\u00a0\u00bb#f9f9f9&Prime; background_enable_image=\u00a0\u00bboff\u00a0\u00bb background_size=\u00a0\u00bbinitial\u00a0\u00bb background_position=\u00a0\u00bbcenter_right\u00a0\u00bb custom_padding=\u00a0\u00bb7px||19px|||\u00a0\u00bb bottom_divider_style=\u00a0\u00bbasymmetric3&Prime; bottom_divider_color=\u00a0\u00bb#007082&Prime; bottom_divider_flip=\u00a0\u00bbvertical\u00a0\u00bb locked=\u00a0\u00bboff\u00a0\u00bb global_colors_info=\u00a0\u00bb{}\u00a0\u00bb][et_pb_row use_custom_gutter=\u00a0\u00bbon\u00a0\u00bb gutter_width=\u00a0\u00bb2&Prime; make_equal=\u00a0\u00bbon\u00a0\u00bb admin_label=\u00a0\u00bbStraight Pediguard\u00a0\u00bb _builder_version=\u00a0\u00bb3.26.6&Prime; custom_padding=\u00a0\u00bb45px||2px||false|\u00a0\u00bb global_colors_info=\u00a0\u00bb{}\u00a0\u00bb][et_pb_column type=\u00a0\u00bb4_4&Prime; module_class=\u00a0\u00bbds-vertical-align\u00a0\u00bb _builder_version=\u00a0\u00bb3.26.3&Prime; global_colors_info=\u00a0\u00bb{}\u00a0\u00bb][et_pb_text admin_label=\u00a0\u00bbh2&Prime; _builder_version=\u00a0\u00bb3.27.4&Prime; header_2_text_align=\u00a0\u00bbcenter\u00a0\u00bb header_2_line_height=\u00a0\u00bb1.2em\u00a0\u00bb header_3_font_size=\u00a0\u00bb32px\u00a0\u00bb header_3_line_height=\u00a0\u00bb0.95em\u00a0\u00bb custom_margin=\u00a0\u00bb||-1px|||\u00a0\u00bb custom_padding=\u00a0\u00bb||40px|||\u00a0\u00bb global_colors_info=\u00a0\u00bb{}\u00a0\u00bb]<\/p>\n<h2>Vid\u00e9o de pr\u00e9sentation<\/h2>\n<p>[\/et_pb_text][et_pb_video src=\u00a0\u00bbhttps:\/\/www.spineguard.com\/wp-content\/uploads\/DSG-Integration-Module-for-Pedicle-Screw-System.mp4&Prime; image_src=\u00a0\u00bbhttps:\/\/www.spineguard.com\/wp-content\/uploads\/DSG-Integration-Module-for-Pedicle-Screw-System-1.jpg\u00a0\u00bb use_icon_font_size=\u00a0\u00bbon\u00a0\u00bb icon_font_size=\u00a0\u00bb100px\u00a0\u00bb thumbnail_overlay_color=\u00a0\u00bbrgba(0,112,130,0.8)\u00a0\u00bb module_class=\u00a0\u00bbvideo-spn\u00a0\u00bb _builder_version=\u00a0\u00bb4.0.11&Prime; width=\u00a0\u00bb80%\u00a0\u00bb width_tablet=\u00a0\u00bb100%\u00a0\u00bb width_phone=\u00a0\u00bb100%\u00a0\u00bb width_last_edited=\u00a0\u00bbon|phone\u00a0\u00bb module_alignment=\u00a0\u00bbcenter\u00a0\u00bb custom_margin_tablet=\u00a0\u00bb\u00a0\u00bb custom_margin_phone=\u00a0\u00bb\u00a0\u00bb custom_margin_last_edited=\u00a0\u00bbon|desktop\u00a0\u00bb custom_padding_tablet=\u00a0\u00bb|0px||0px|false|true\u00a0\u00bb custom_padding_phone=\u00a0\u00bb\u00a0\u00bb custom_padding_last_edited=\u00a0\u00bbon|phone\u00a0\u00bb animation_style=\u00a0\u00bbzoom\u00a0\u00bb animation_direction=\u00a0\u00bbtop\u00a0\u00bb border_radii=\u00a0\u00bbon|16px|16px|16px|16px\u00a0\u00bb locked=\u00a0\u00bboff\u00a0\u00bb global_colors_info=\u00a0\u00bb{}\u00a0\u00bb][\/et_pb_video][\/et_pb_column][\/et_pb_row][et_pb_row use_custom_gutter=\u00a0\u00bbon\u00a0\u00bb gutter_width=\u00a0\u00bb2&Prime; make_equal=\u00a0\u00bbon\u00a0\u00bb _builder_version=\u00a0\u00bb3.26.6&Prime; custom_padding=\u00a0\u00bb45px||2px||false|\u00a0\u00bb locked=\u00a0\u00bboff\u00a0\u00bb global_colors_info=\u00a0\u00bb{}\u00a0\u00bb][et_pb_column type=\u00a0\u00bb4_4&Prime; module_class=\u00a0\u00bbds-vertical-align\u00a0\u00bb _builder_version=\u00a0\u00bb3.26.3&Prime; global_colors_info=\u00a0\u00bb{}\u00a0\u00bb][et_pb_text admin_label=\u00a0\u00bbh2&Prime; _builder_version=\u00a0\u00bb3.27.4&Prime; header_2_text_align=\u00a0\u00bbcenter\u00a0\u00bb header_2_line_height=\u00a0\u00bb1.2em\u00a0\u00bb header_3_font_size=\u00a0\u00bb32px\u00a0\u00bb header_3_line_height=\u00a0\u00bb0.95em\u00a0\u00bb custom_margin=\u00a0\u00bb||-1px|||\u00a0\u00bb custom_padding=\u00a0\u00bb||2px|||\u00a0\u00bb global_colors_info=\u00a0\u00bb{}\u00a0\u00bb]<\/p>\n<h2>Nos partenaires<\/h2>\n<p>[\/et_pb_text][\/et_pb_column][\/et_pb_row][et_pb_row column_structure=\u00a0\u00bb1_4,1_4,1_4,1_4&Prime; make_equal=\u00a0\u00bbon\u00a0\u00bb _builder_version=\u00a0\u00bb3.26.6&Prime; custom_padding=\u00a0\u00bb31px||3px|||\u00a0\u00bb border_radii=\u00a0\u00bbon|5px|5px|5px|5px\u00a0\u00bb locked=\u00a0\u00bboff\u00a0\u00bb global_colors_info=\u00a0\u00bb{}\u00a0\u00bb][et_pb_column type=\u00a0\u00bb1_4&Prime; module_class=\u00a0\u00bbds-vertical-align \u00a0\u00bb _builder_version=\u00a0\u00bb3.26.6&Prime; global_colors_info=\u00a0\u00bb{}\u00a0\u00bb][\/et_pb_column][et_pb_column type=\u00a0\u00bb1_4&Prime; module_class=\u00a0\u00bbds-vertical-align\u00a0\u00bb _builder_version=\u00a0\u00bb3.26.6&Prime; global_colors_info=\u00a0\u00bb{}\u00a0\u00bb][et_pb_image src=\u00a0\u00bbhttps:\/\/www.spineguard.com\/wp-content\/uploads\/Logo_Zavation.jpg\u00a0\u00bb alt=\u00a0\u00bbLogo_Zavation\u00a0\u00bb url=\u00a0\u00bbhttps:\/\/zavation.com\/product\/z-direct\/\u00a0\u00bb admin_label=\u00a0\u00bbLogo\u00a0\u00bb module_class=\u00a0\u00bbradius-img\u00a0\u00bb _builder_version=\u00a0\u00bb3.27.4&Prime; background_enable_color=\u00a0\u00bboff\u00a0\u00bb custom_padding=\u00a0\u00bb2px|20px|2px|20px|true|false\u00a0\u00bb mix_blend_mode=\u00a0\u00bbexclusion\u00a0\u00bb animation_style=\u00a0\u00bbfade\u00a0\u00bb border_radii=\u00a0\u00bbon|6px|6px|6px|6px\u00a0\u00bb global_colors_info=\u00a0\u00bb{}\u00a0\u00bb min_height=\u00a0\u00bb51.3px\u00a0\u00bb][\/et_pb_image][et_pb_text admin_label=\u00a0\u00bbbutton\u00a0\u00bb _builder_version=\u00a0\u00bb4.14.7&Prime; text_font_size=\u00a0\u00bb10px\u00a0\u00bb header_font_size=\u00a0\u00bb38px\u00a0\u00bb text_orientation=\u00a0\u00bbcenter\u00a0\u00bb min_height=\u00a0\u00bb76px\u00a0\u00bb locked=\u00a0\u00bboff\u00a0\u00bb global_colors_info=\u00a0\u00bb{}\u00a0\u00bb]<\/p>\n<p><a class=\"btn-spn hvr-sweep-to-right\" href=\"https:\/\/www.spineguard.com\/fr\/produits-et-applications\/produits-rachis\/manuels-dutilisation\/ssusa-brochure\/\">Voir Instructions d&rsquo;utilisation<\/a><\/p>\n<p>[\/et_pb_text][\/et_pb_column][et_pb_column type=\u00a0\u00bb1_4&Prime; module_class=\u00a0\u00bbds-vertical-align\u00a0\u00bb _builder_version=\u00a0\u00bb3.26.6&Prime; global_colors_info=\u00a0\u00bb{}\u00a0\u00bb][et_pb_image src=\u00a0\u00bbhttps:\/\/www.spineguard.com\/wp-content\/uploads\/Logo_NFI.png\u00a0\u00bb alt=\u00a0\u00bbLogo_NFI\u00a0\u00bb url=\u00a0\u00bbhttp:\/\/www.neuro-france.net\/implants\/\u00a0\u00bb admin_label=\u00a0\u00bbLogo\u00a0\u00bb module_class=\u00a0\u00bbradius-img\u00a0\u00bb _builder_version=\u00a0\u00bb3.27.4&Prime; background_color=\u00a0\u00bb#ffffff\u00a0\u00bb custom_padding=\u00a0\u00bb20px|20px|20px|20px|true|false\u00a0\u00bb mix_blend_mode=\u00a0\u00bbexclusion\u00a0\u00bb animation_style=\u00a0\u00bbfade\u00a0\u00bb border_radii=\u00a0\u00bbon|6px|6px|6px|6px\u00a0\u00bb global_colors_info=\u00a0\u00bb{}\u00a0\u00bb][\/et_pb_image][et_pb_text admin_label=\u00a0\u00bbbutton\u00a0\u00bb _builder_version=\u00a0\u00bb4.14.7&Prime; text_font_size=\u00a0\u00bb10px\u00a0\u00bb header_font_size=\u00a0\u00bb38px\u00a0\u00bb text_orientation=\u00a0\u00bbcenter\u00a0\u00bb min_height=\u00a0\u00bb76px\u00a0\u00bb locked=\u00a0\u00bboff\u00a0\u00bb global_colors_info=\u00a0\u00bb{}\u00a0\u00bb]<\/p>\n<p><a class=\"btn-spn hvr-sweep-to-right\" href=\"https:\/\/www.spineguard.com\/fr\/produits-et-applications\/produits-rachis\/manuels-dutilisation\/ssint-brochure\/\">Voir Instructions d&rsquo;utilisation<\/a><\/p>\n<p>[\/et_pb_text][\/et_pb_column][et_pb_column type=\u00a0\u00bb1_4&Prime; module_class=\u00a0\u00bbds-vertical-align\u00a0\u00bb _builder_version=\u00a0\u00bb3.26.6&Prime; global_colors_info=\u00a0\u00bb{}\u00a0\u00bb][\/et_pb_column][\/et_pb_row][et_pb_row column_structure=\u00a0\u00bb2_3,1_3&Prime; make_equal=\u00a0\u00bbon\u00a0\u00bb admin_label=\u00a0\u00bbRow\u00a0\u00bb module_class=\u00a0\u00bbcta-white-ctn\u00a0\u00bb _builder_version=\u00a0\u00bb4.0.11&Prime; z_index=\u00a0\u00bb999&Prime; custom_margin=\u00a0\u00bb80px|auto||auto||\u00a0\u00bb custom_padding=\u00a0\u00bb||30px||false|false\u00a0\u00bb global_module=\u00a0\u00bb495&Prime; locked=\u00a0\u00bboff\u00a0\u00bb collapsed=\u00a0\u00bboff\u00a0\u00bb global_colors_info=\u00a0\u00bb{}\u00a0\u00bb][et_pb_column type=\u00a0\u00bb2_3&Prime; module_class=\u00a0\u00bbds-vertical-align\u00a0\u00bb _builder_version=\u00a0\u00bb3.26.3&Prime; global_colors_info=\u00a0\u00bb{}\u00a0\u00bb][et_pb_text admin_label=\u00a0\u00bbText CTA\u00a0\u00bb _builder_version=\u00a0\u00bb4.0.11&Prime; global_colors_info=\u00a0\u00bb{}\u00a0\u00bb]<\/p>\n<p class=\"h2-cta\">Pour toute demande n&rsquo;h\u00e9sitez pas \u00e0 nous contacter<\/p>\n<p>[\/et_pb_text][\/et_pb_column][et_pb_column type=\u00a0\u00bb1_3&Prime; module_class=\u00a0\u00bbds-vertical-align\u00a0\u00bb _builder_version=\u00a0\u00bb3.26.3&Prime; global_colors_info=\u00a0\u00bb{}\u00a0\u00bb][et_pb_text admin_label=\u00a0\u00bbButton\u00a0\u00bb _builder_version=\u00a0\u00bb4.0.11&Prime; text_orientation=\u00a0\u00bbcenter\u00a0\u00bb text_text_align=\u00a0\u00bbcenter\u00a0\u00bb global_colors_info=\u00a0\u00bb{}\u00a0\u00bb]<a href=\"https:\/\/www.spineguard.com\/fr\/contact\/\" class=\"btn-spn hvr-sweep-to-right\">Contactez nous !<\/a>[\/et_pb_text][\/et_pb_column][\/et_pb_row][\/et_pb_section]<\/p>\n","protected":false},"excerpt":{"rendered":"<p>Gamme rachis Vis \u201cIntelligente\u201d DSGCaract\u00e9ristiques principalesLa technologie DSG guide le chirurgien en temps r\u00e9el pour l\u2019insertion directe de vis p\u00e9diculaires dans les vert\u00e8bres sans avoir besoin de percer un pr\u00e9-trou. Con\u00e7u pour am\u00e9liorer l\u2019insertion de vis lors de chirurgies en abord ouvert ou percutan\u00e9 Dispense l\u2019utilisation d\u2019une broche Kirschner en MIS Permet l\u2019insertion directe de [&hellip;]<\/p>\n","protected":false},"author":1,"featured_media":0,"parent":1150,"menu_order":0,"comment_status":"closed","ping_status":"closed","template":"","meta":{"_et_pb_use_builder":"on","_et_pb_old_content":"","_et_gb_content_width":"","footnotes":""},"class_list":["post-1152","page","type-page","status-publish","hentry"],"_links":{"self":[{"href":"https:\/\/www.spineguard.com\/fr\/wp-json\/wp\/v2\/pages\/1152","targetHints":{"allow":["GET"]}}],"collection":[{"href":"https:\/\/www.spineguard.com\/fr\/wp-json\/wp\/v2\/pages"}],"about":[{"href":"https:\/\/www.spineguard.com\/fr\/wp-json\/wp\/v2\/types\/page"}],"author":[{"embeddable":true,"href":"https:\/\/www.spineguard.com\/fr\/wp-json\/wp\/v2\/users\/1"}],"replies":[{"embeddable":true,"href":"https:\/\/www.spineguard.com\/fr\/wp-json\/wp\/v2\/comments?post=1152"}],"version-history":[{"count":2,"href":"https:\/\/www.spineguard.com\/fr\/wp-json\/wp\/v2\/pages\/1152\/revisions"}],"predecessor-version":[{"id":6676,"href":"https:\/\/www.spineguard.com\/fr\/wp-json\/wp\/v2\/pages\/1152\/revisions\/6676"}],"up":[{"embeddable":true,"href":"https:\/\/www.spineguard.com\/fr\/wp-json\/wp\/v2\/pages\/1150"}],"wp:attachment":[{"href":"https:\/\/www.spineguard.com\/fr\/wp-json\/wp\/v2\/media?parent=1152"}],"curies":[{"name":"wp","href":"https:\/\/api.w.org\/{rel}","templated":true}]}}