{"id":1162,"date":"2019-07-09T16:32:09","date_gmt":"2019-07-09T14:32:09","guid":{"rendered":"https:\/\/www.spineguard.com\/produits-et-applications\/produits-rachis\/instruments-de-forage-pediculaire-pediguard\/pediguard-classique\/"},"modified":"2024-07-24T14:22:40","modified_gmt":"2024-07-24T12:22:40","slug":"pediguard-classique","status":"publish","type":"page","link":"https:\/\/www.spineguard.com\/fr\/produits-et-applications\/produits-rachis\/instruments-de-forage-pediculaire-pediguard\/pediguard-classique\/","title":{"rendered":"Pediguard Classique"},"content":{"rendered":"<p>[et_pb_section fb_built=\u00a0\u00bb1&Prime; _builder_version=\u00a0\u00bb4.16&Prime; background_color=\u00a0\u00bb#007082&Prime; use_background_color_gradient=\u00a0\u00bbon\u00a0\u00bb background_color_gradient_direction=\u00a0\u00bb234deg\u00a0\u00bb background_color_gradient_stops=\u00a0\u00bbrgba(0,112,130,0.52) 15%|#007082 100%\u00a0\u00bb background_color_gradient_overlays_image=\u00a0\u00bbon\u00a0\u00bb background_color_gradient_start=\u00a0\u00bbrgba(0,112,130,0.52)\u00a0\u00bb background_color_gradient_start_position=\u00a0\u00bb15%\u00a0\u00bb background_color_gradient_end=\u00a0\u00bb#007082&Prime; background_image=\u00a0\u00bbhttps:\/\/www.spineguard.com\/wp-content\/uploads\/bg-hexagone.svg\u00a0\u00bb custom_margin=\u00a0\u00bb||0px|||\u00a0\u00bb custom_padding=\u00a0\u00bb100px||42px||false|false\u00a0\u00bb bottom_divider_style=\u00a0\u00bbasymmetric3&Prime; bottom_divider_color=\u00a0\u00bb#ffffff\u00a0\u00bb locked=\u00a0\u00bboff\u00a0\u00bb global_colors_info=\u00a0\u00bb{}\u00a0\u00bb][et_pb_row make_equal=\u00a0\u00bbon\u00a0\u00bb _builder_version=\u00a0\u00bb4.16&Prime; custom_margin=\u00a0\u00bb-6px|auto||auto||\u00a0\u00bb custom_padding=\u00a0\u00bb0px||0px|||\u00a0\u00bb global_colors_info=\u00a0\u00bb{}\u00a0\u00bb][et_pb_column type=\u00a0\u00bb4_4&Prime; module_class=\u00a0\u00bbds-vertical-align\u00a0\u00bb _builder_version=\u00a0\u00bb4.16&Prime; global_colors_info=\u00a0\u00bb{}\u00a0\u00bb][et_pb_text admin_label=\u00a0\u00bbCartouche + H1 + 1 button\u00a0\u00bb _builder_version=\u00a0\u00bb4.25.2&Prime; text_text_color=\u00a0\u00bb#ffffff\u00a0\u00bb text_font_size=\u00a0\u00bb18px\u00a0\u00bb link_font_size=\u00a0\u00bb6px\u00a0\u00bb header_text_color=\u00a0\u00bb#ffffff\u00a0\u00bb header_font_size=\u00a0\u00bb59px\u00a0\u00bb header_2_text_color=\u00a0\u00bb#ffffff\u00a0\u00bb header_2_font_size=\u00a0\u00bb24px\u00a0\u00bb text_orientation=\u00a0\u00bbcenter\u00a0\u00bb custom_margin=\u00a0\u00bb-2px||3px|||\u00a0\u00bb custom_padding=\u00a0\u00bb||2px|||\u00a0\u00bb text_text_align=\u00a0\u00bbcenter\u00a0\u00bb global_colors_info=\u00a0\u00bb{}\u00a0\u00bb]<\/p>\n<p class=\"ctn-parent-spn\"><span class=\"parent-spn\">Instruments de forage p\u00e9diculaire PediGuard<\/span><\/p>\n<h1>PediGuard Classique<\/h1>\n<p>[\/et_pb_text][et_pb_image src=\u00a0\u00bbhttps:\/\/www.spineguard.com\/wp-content\/uploads\/PG_straight-png.png\u00a0\u00bb alt=\u00a0\u00bbPediguard-Drilling Instrument Straight\u00a0\u00bb align=\u00a0\u00bbcenter\u00a0\u00bb _builder_version=\u00a0\u00bb4.16&Prime; custom_margin=\u00a0\u00bb||-80px||false|false\u00a0\u00bb custom_margin_tablet=\u00a0\u00bb||-70px||false|false\u00a0\u00bb custom_margin_phone=\u00a0\u00bb\u00a0\u00bb custom_margin_last_edited=\u00a0\u00bbon|phone\u00a0\u00bb animation_style=\u00a0\u00bbslide\u00a0\u00bb animation_direction=\u00a0\u00bbright\u00a0\u00bb global_colors_info=\u00a0\u00bb{}\u00a0\u00bb][\/et_pb_image][\/et_pb_column][\/et_pb_row][\/et_pb_section][et_pb_section fb_built=\u00a0\u00bb1&Prime; _builder_version=\u00a0\u00bb4.24.2&Prime; _module_preset=\u00a0\u00bbdefault\u00a0\u00bb custom_padding=\u00a0\u00bb||0px||false|false\u00a0\u00bb locked=\u00a0\u00bboff\u00a0\u00bb global_colors_info=\u00a0\u00bb{}\u00a0\u00bb][et_pb_row _builder_version=\u00a0\u00bb4.24.2&Prime; _module_preset=\u00a0\u00bbdefault\u00a0\u00bb global_colors_info=\u00a0\u00bb{}\u00a0\u00bb][et_pb_column type=\u00a0\u00bb4_4&Prime; _builder_version=\u00a0\u00bb4.24.2&Prime; _module_preset=\u00a0\u00bbdefault\u00a0\u00bb global_colors_info=\u00a0\u00bb{}\u00a0\u00bb][et_pb_text _builder_version=\u00a0\u00bb4.25.2&Prime; _module_preset=\u00a0\u00bbdefault\u00a0\u00bb text_line_height=\u00a0\u00bb1.5em\u00a0\u00bb global_colors_info=\u00a0\u00bb{}\u00a0\u00bb]<\/p>\n<p>Le Pediguard classique donne la priorit\u00e9 \u00e0 la s\u00e9curit\u00e9 dans la chirurgie de la colonne vert\u00e9brale. Gr\u00e2ce au retour d&rsquo;information en temps r\u00e9el, les chirurgiens peuvent naviguer en toute confiance, ce qui garantit une s\u00e9curit\u00e9 optimale pour le patient tout au long de la proc\u00e9dure chirurgicale. Les diff\u00e9rents diam\u00e8tres permettent de traiter tous les niveaux de la colonne vert\u00e9brale, des cervicales aux lombaires.<\/p>\n<p>[\/et_pb_text][\/et_pb_column][\/et_pb_row][\/et_pb_section][et_pb_section fb_built=\u00a0\u00bb1&Prime; _builder_version=\u00a0\u00bb4.24.2&Prime; _module_preset=\u00a0\u00bbdefault\u00a0\u00bb custom_padding=\u00a0\u00bb0px||0px||false|false\u00a0\u00bb locked=\u00a0\u00bboff\u00a0\u00bb global_colors_info=\u00a0\u00bb{}\u00a0\u00bb][et_pb_row column_structure=\u00a0\u00bb1_2,1_2&Prime; _builder_version=\u00a0\u00bb4.24.2&Prime; _module_preset=\u00a0\u00bbdefault\u00a0\u00bb global_colors_info=\u00a0\u00bb{}\u00a0\u00bb][et_pb_column type=\u00a0\u00bb1_2&Prime; _builder_version=\u00a0\u00bb4.24.2&Prime; _module_preset=\u00a0\u00bbdefault\u00a0\u00bb global_colors_info=\u00a0\u00bb{}\u00a0\u00bb][et_pb_video src=\u00a0\u00bbhttps:\/\/www.spineguard.com\/wp-content\/uploads\/SpineGuard_-Classic-PediGuard-Animation.mp4&Prime; image_src=\u00a0\u00bbhttps:\/\/www.spineguard.com\/wp-content\/uploads\/SpineGuard_-Classic-PediGuard-Animation.jpg\u00a0\u00bb use_icon_font_size=\u00a0\u00bbon\u00a0\u00bb icon_font_size=\u00a0\u00bb100px\u00a0\u00bb thumbnail_overlay_color=\u00a0\u00bbrgba(0,112,130,0.8)\u00a0\u00bb module_class=\u00a0\u00bbvideo-spn\u00a0\u00bb _builder_version=\u00a0\u00bb4.24.2&Prime; width_tablet=\u00a0\u00bb100%\u00a0\u00bb width_phone=\u00a0\u00bb100%\u00a0\u00bb width_last_edited=\u00a0\u00bboff|desktop\u00a0\u00bb module_alignment=\u00a0\u00bbcenter\u00a0\u00bb animation_style=\u00a0\u00bbzoom\u00a0\u00bb animation_direction=\u00a0\u00bbtop\u00a0\u00bb border_radii=\u00a0\u00bbon|16px|16px|16px|16px\u00a0\u00bb locked=\u00a0\u00bboff\u00a0\u00bb global_colors_info=\u00a0\u00bb{}\u00a0\u00bb][\/et_pb_video][\/et_pb_column][et_pb_column type=\u00a0\u00bb1_2&Prime; _builder_version=\u00a0\u00bb4.24.2&Prime; _module_preset=\u00a0\u00bbdefault\u00a0\u00bb global_colors_info=\u00a0\u00bb{}\u00a0\u00bb][et_pb_text _builder_version=\u00a0\u00bb4.25.2&Prime; _module_preset=\u00a0\u00bbdefault\u00a0\u00bb header_2_text_color=\u00a0\u00bb#EA6600&Prime; custom_margin=\u00a0\u00bb||17px|||\u00a0\u00bb locked=\u00a0\u00bboff\u00a0\u00bb global_colors_info=\u00a0\u00bb{}\u00a0\u00bb]<\/p>\n<h2>Caract\u00e9ristiques du produit <\/h2>\n<p>[\/et_pb_text][et_pb_text _builder_version=\u00a0\u00bb4.25.2&Prime; _module_preset=\u00a0\u00bbdefault\u00a0\u00bb text_line_height=\u00a0\u00bb1.5em\u00a0\u00bb custom_margin=\u00a0\u00bb||17px|||\u00a0\u00bb global_colors_info=\u00a0\u00bb{}\u00a0\u00bb]<\/p>\n<ul class=\"ul-spn\">\n<li>Pointe droite<\/li>\n<li>Disponible en diff\u00e9rents diam\u00e8tres (\u00d82,5mm, \u00d83,2mm et \u00d84,0mm)<\/li>\n<li>Marquage gradu\u00e9 permettant de d\u00e9terminer les longueur de vis<\/li>\n<li>Assiste les chirurgiens lors de la pr\u00e9paration du p\u00e9dicule pour le placement de vis, \u00e0 tous les niveaux de la colonne vert\u00e9brale<\/li>\n<\/ul>\n<p>[\/et_pb_text][et_pb_text admin_label=\u00a0\u00bbButton\u00a0\u00bb _builder_version=\u00a0\u00bb4.27.0&Prime; hover_enabled=\u00a0\u00bb0&Prime; text_text_align=\u00a0\u00bbcenter\u00a0\u00bb locked=\u00a0\u00bboff\u00a0\u00bb global_colors_info=\u00a0\u00bb{}\u00a0\u00bb sticky_enabled=\u00a0\u00bb0&Prime;]<\/p>\n<p><a class=\"btn-spn hvr-sweep-to-right\" href=\"\/fr\/produits-et-applications\/produits-rachis\/manuels-dutilisation\/pg-brochure\/\">Voir manuel d&rsquo;utilisation<\/a><\/p>\n<p>[\/et_pb_text][\/et_pb_column][\/et_pb_row][\/et_pb_section][et_pb_section fb_built=\u00a0\u00bb1&Prime; prev_background_color=\u00a0\u00bb#ffffff\u00a0\u00bb next_background_color=\u00a0\u00bb#ffffff\u00a0\u00bb _builder_version=\u00a0\u00bb4.24.3&Prime; _module_preset=\u00a0\u00bbdefault\u00a0\u00bb background_color=\u00a0\u00bbRGBA(206,206,206,0.3)\u00a0\u00bb custom_padding=\u00a0\u00bb||||false|false\u00a0\u00bb top_divider_style=\u00a0\u00bbslant\u00a0\u00bb top_divider_height=\u00a0\u00bb60px\u00a0\u00bb top_divider_flip=\u00a0\u00bbhorizontal\u00a0\u00bb bottom_divider_style=\u00a0\u00bbslant\u00a0\u00bb bottom_divider_height=\u00a0\u00bb60px\u00a0\u00bb bottom_divider_flip=\u00a0\u00bbhorizontal\u00a0\u00bb locked=\u00a0\u00bboff\u00a0\u00bb global_colors_info=\u00a0\u00bb{}\u00a0\u00bb][et_pb_row column_structure=\u00a0\u00bb3_5,2_5&Prime; _builder_version=\u00a0\u00bb4.24.3&Prime; _module_preset=\u00a0\u00bbdefault\u00a0\u00bb global_colors_info=\u00a0\u00bb{}\u00a0\u00bb][et_pb_column type=\u00a0\u00bb3_5&Prime; _builder_version=\u00a0\u00bb4.24.2&Prime; _module_preset=\u00a0\u00bbdefault\u00a0\u00bb global_colors_info=\u00a0\u00bb{}\u00a0\u00bb][et_pb_icon font_icon=\u00a0\u00bb&#x7b;||divi||400&Prime; icon_width=\u00a0\u00bb50px\u00a0\u00bb _builder_version=\u00a0\u00bb4.24.2&Prime; _module_preset=\u00a0\u00bbdefault\u00a0\u00bb global_colors_info=\u00a0\u00bb{}\u00a0\u00bb][\/et_pb_icon][et_pb_text _builder_version=\u00a0\u00bb4.25.2&Prime; _module_preset=\u00a0\u00bbdefault\u00a0\u00bb text_font=\u00a0\u00bb|300|on||||||\u00a0\u00bb text_text_color=\u00a0\u00bb#007082&Prime; text_font_size=\u00a0\u00bb26px\u00a0\u00bb text_line_height=\u00a0\u00bb1.5em\u00a0\u00bb text_orientation=\u00a0\u00bbcenter\u00a0\u00bb global_colors_info=\u00a0\u00bb{}\u00a0\u00bb]<\/p>\n<p>Le PediGuard XS Classique progresse plus facilement dans l\u2019os et offre une excellente sensation tactile.<\/p>\n<p>[\/et_pb_text][et_pb_icon font_icon=\u00a0\u00bb&#x7b;||divi||400&Prime; icon_width=\u00a0\u00bb50px\u00a0\u00bb _builder_version=\u00a0\u00bb4.24.2&Prime; _module_preset=\u00a0\u00bbdefault\u00a0\u00bb global_colors_info=\u00a0\u00bb{}\u00a0\u00bb][\/et_pb_icon][\/et_pb_column][et_pb_column type=\u00a0\u00bb2_5&Prime; _builder_version=\u00a0\u00bb4.24.2&Prime; _module_preset=\u00a0\u00bbdefault\u00a0\u00bb global_colors_info=\u00a0\u00bb{}\u00a0\u00bb][et_pb_blurb title=\u00a0\u00bbPr. Heiko Koller\u00a0\u00bb image=\u00a0\u00bbhttps:\/\/www.spineguard.com\/wp-content\/uploads\/Koller-2019-1.jpg\u00a0\u00bb alt=\u00a0\u00bbLarry Khoo\u00a0\u00bb image_icon_width=\u00a0\u00bb40%\u00a0\u00bb _builder_version=\u00a0\u00bb4.25.2&Prime; _module_preset=\u00a0\u00bbdefault\u00a0\u00bb text_orientation=\u00a0\u00bbcenter\u00a0\u00bb border_radii_image=\u00a0\u00bbon|100px|100px|100px|100px\u00a0\u00bb global_colors_info=\u00a0\u00bb{}\u00a0\u00bb]<\/p>\n<p>Chirurgien orthop\u00e9dique et traumatologue de la colonne vert\u00e9brale, Allemagne<\/p>\n<p>[\/et_pb_blurb][\/et_pb_column][\/et_pb_row][\/et_pb_section][et_pb_section fb_built=\u00a0\u00bb1&Prime; _builder_version=\u00a0\u00bb4.24.3&Prime; _module_preset=\u00a0\u00bbdefault\u00a0\u00bb background_enable_color=\u00a0\u00bboff\u00a0\u00bb custom_padding=\u00a0\u00bb||||false|false\u00a0\u00bb bottom_divider_style=\u00a0\u00bbasymmetric3&Prime; bottom_divider_color=\u00a0\u00bb#007082&Prime; bottom_divider_flip=\u00a0\u00bbvertical\u00a0\u00bb global_module=\u00a0\u00bb12356&Prime; saved_tabs=\u00a0\u00bball\u00a0\u00bb locked=\u00a0\u00bboff\u00a0\u00bb global_colors_info=\u00a0\u00bb{}\u00a0\u00bb][et_pb_row column_structure=\u00a0\u00bb1_2,1_2&Prime; _builder_version=\u00a0\u00bb4.25.1&Prime; _module_preset=\u00a0\u00bbdefault\u00a0\u00bb locked=\u00a0\u00bboff\u00a0\u00bb global_colors_info=\u00a0\u00bb{}\u00a0\u00bb][et_pb_column type=\u00a0\u00bb1_2&Prime; _builder_version=\u00a0\u00bb4.24.2&Prime; _module_preset=\u00a0\u00bbdefault\u00a0\u00bb global_colors_info=\u00a0\u00bb{}\u00a0\u00bb][et_pb_image src=\u00a0\u00bbhttps:\/\/www.spineguard.com\/wp-content\/uploads\/dsg-logo.png\u00a0\u00bb alt=\u00a0\u00bbPediguard drilling instruments\u00a0\u00bb title_text=\u00a0\u00bbdsg-logo\u00a0\u00bb align=\u00a0\u00bbcenter\u00a0\u00bb _builder_version=\u00a0\u00bb4.25.0&Prime; _module_preset=\u00a0\u00bbdefault\u00a0\u00bb max_width=\u00a0\u00bb50%\u00a0\u00bb max_width_tablet=\u00a0\u00bb40%\u00a0\u00bb max_width_phone=\u00a0\u00bb50%\u00a0\u00bb max_width_last_edited=\u00a0\u00bboff|desktop\u00a0\u00bb locked=\u00a0\u00bboff\u00a0\u00bb global_colors_info=\u00a0\u00bb{}\u00a0\u00bb][\/et_pb_image][et_pb_text admin_label=\u00a0\u00bbButton\u00a0\u00bb _builder_version=\u00a0\u00bb4.27.0&Prime; text_orientation=\u00a0\u00bbcenter\u00a0\u00bb hover_enabled=\u00a0\u00bb0&Prime; text_text_align=\u00a0\u00bbcenter\u00a0\u00bb locked=\u00a0\u00bboff\u00a0\u00bb global_colors_info=\u00a0\u00bb{}\u00a0\u00bb sticky_enabled=\u00a0\u00bb0&Prime;]<\/p>\n<p><a class=\"btn-spn hvr-sweep-to-right\" href=\"\/fr\/technologie-dsg-dynamic-surgical-guidance\/\">Voir la technologie<\/a><\/p>\n<p>[\/et_pb_text][\/et_pb_column][et_pb_column type=\u00a0\u00bb1_2&Prime; _builder_version=\u00a0\u00bb4.24.2&Prime; _module_preset=\u00a0\u00bbdefault\u00a0\u00bb global_colors_info=\u00a0\u00bb{}\u00a0\u00bb][et_pb_image src=\u00a0\u00bbhttps:\/\/www.spineguard.com\/wp-content\/uploads\/pg-gamme.png\u00a0\u00bb alt=\u00a0\u00bbPediguard drilling instruments\u00a0\u00bb title_text=\u00a0\u00bbpg-gamme\u00a0\u00bb align=\u00a0\u00bbcenter\u00a0\u00bb _builder_version=\u00a0\u00bb4.25.0&Prime; _module_preset=\u00a0\u00bbdefault\u00a0\u00bb max_width=\u00a0\u00bb50%\u00a0\u00bb max_width_tablet=\u00a0\u00bb40%\u00a0\u00bb max_width_phone=\u00a0\u00bb50%\u00a0\u00bb max_width_last_edited=\u00a0\u00bboff|desktop\u00a0\u00bb locked=\u00a0\u00bboff\u00a0\u00bb global_colors_info=\u00a0\u00bb{}\u00a0\u00bb][\/et_pb_image][et_pb_text admin_label=\u00a0\u00bbButton\u00a0\u00bb _builder_version=\u00a0\u00bb4.27.0&Prime; text_orientation=\u00a0\u00bbcenter\u00a0\u00bb hover_enabled=\u00a0\u00bb0&Prime; text_text_align=\u00a0\u00bbcenter\u00a0\u00bb locked=\u00a0\u00bboff\u00a0\u00bb global_colors_info=\u00a0\u00bb{}\u00a0\u00bb sticky_enabled=\u00a0\u00bb0&Prime;]<\/p>\n<p><a class=\"btn-spn hvr-sweep-to-right\" href=\"\/fr\/produits-et-applications\/produits-rachis\/\">Voir la gamme produit<\/a><\/p>\n<p>[\/et_pb_text][\/et_pb_column][\/et_pb_row][et_pb_row column_structure=\u00a0\u00bb2_3,1_3&Prime; make_equal=\u00a0\u00bbon\u00a0\u00bb admin_label=\u00a0\u00bbRow\u00a0\u00bb module_class=\u00a0\u00bbcta-white-ctn\u00a0\u00bb _builder_version=\u00a0\u00bb4.16&Prime; z_index=\u00a0\u00bb999&Prime; custom_margin=\u00a0\u00bb80px|auto||auto||\u00a0\u00bb custom_padding=\u00a0\u00bb||30px||false|false\u00a0\u00bb locked=\u00a0\u00bboff\u00a0\u00bb collapsed=\u00a0\u00bboff\u00a0\u00bb global_colors_info=\u00a0\u00bb{}\u00a0\u00bb][et_pb_column type=\u00a0\u00bb2_3&Prime; module_class=\u00a0\u00bbds-vertical-align\u00a0\u00bb _builder_version=\u00a0\u00bb4.16&Prime; global_colors_info=\u00a0\u00bb{}\u00a0\u00bb][et_pb_text admin_label=\u00a0\u00bbText CTA\u00a0\u00bb _builder_version=\u00a0\u00bb4.25.2&Prime; global_colors_info=\u00a0\u00bb{}\u00a0\u00bb]<\/p>\n<p class=\"h2-cta\">Vous avez des questions ?<\/p>\n<p>[\/et_pb_text][\/et_pb_column][et_pb_column type=\u00a0\u00bb1_3&Prime; module_class=\u00a0\u00bbds-vertical-align\u00a0\u00bb _builder_version=\u00a0\u00bb4.16&Prime; global_colors_info=\u00a0\u00bb{}\u00a0\u00bb][et_pb_text admin_label=\u00a0\u00bbButton\u00a0\u00bb _builder_version=\u00a0\u00bb4.16&Prime; text_orientation=\u00a0\u00bbcenter\u00a0\u00bb text_text_align=\u00a0\u00bbcenter\u00a0\u00bb global_colors_info=\u00a0\u00bb{}\u00a0\u00bb]<a href=\"https:\/\/www.spineguard.com\/fr\/contact\/\" class=\"btn-spn hvr-sweep-to-right\">Contactez nous !<\/a>[\/et_pb_text][\/et_pb_column][\/et_pb_row][\/et_pb_section]<\/p>\n","protected":false},"excerpt":{"rendered":"<p>Instruments de forage p\u00e9diculaire PediGuard PediGuard ClassiqueLe Pediguard classique donne la priorit\u00e9 \u00e0 la s\u00e9curit\u00e9 dans la chirurgie de la colonne vert\u00e9brale. Gr\u00e2ce au retour d&rsquo;information en temps r\u00e9el, les chirurgiens peuvent naviguer en toute confiance, ce qui garantit une s\u00e9curit\u00e9 optimale pour le patient tout au long de la proc\u00e9dure chirurgicale. Les diff\u00e9rents diam\u00e8tres [&hellip;]<\/p>\n","protected":false},"author":1,"featured_media":0,"parent":1154,"menu_order":10,"comment_status":"closed","ping_status":"closed","template":"","meta":{"_et_pb_use_builder":"on","_et_pb_old_content":"","_et_gb_content_width":"","footnotes":""},"class_list":["post-1162","page","type-page","status-publish","hentry"],"_links":{"self":[{"href":"https:\/\/www.spineguard.com\/fr\/wp-json\/wp\/v2\/pages\/1162","targetHints":{"allow":["GET"]}}],"collection":[{"href":"https:\/\/www.spineguard.com\/fr\/wp-json\/wp\/v2\/pages"}],"about":[{"href":"https:\/\/www.spineguard.com\/fr\/wp-json\/wp\/v2\/types\/page"}],"author":[{"embeddable":true,"href":"https:\/\/www.spineguard.com\/fr\/wp-json\/wp\/v2\/users\/1"}],"replies":[{"embeddable":true,"href":"https:\/\/www.spineguard.com\/fr\/wp-json\/wp\/v2\/comments?post=1162"}],"version-history":[{"count":8,"href":"https:\/\/www.spineguard.com\/fr\/wp-json\/wp\/v2\/pages\/1162\/revisions"}],"predecessor-version":[{"id":12361,"href":"https:\/\/www.spineguard.com\/fr\/wp-json\/wp\/v2\/pages\/1162\/revisions\/12361"}],"up":[{"embeddable":true,"href":"https:\/\/www.spineguard.com\/fr\/wp-json\/wp\/v2\/pages\/1154"}],"wp:attachment":[{"href":"https:\/\/www.spineguard.com\/fr\/wp-json\/wp\/v2\/media?parent=1162"}],"curies":[{"name":"wp","href":"https:\/\/api.w.org\/{rel}","templated":true}]}}