{"id":1294,"date":"2019-03-11T09:57:38","date_gmt":"2019-03-11T08:57:38","guid":{"rendered":"https:\/\/www.spineguard.com\/mentions-legales\/"},"modified":"2019-09-16T08:59:22","modified_gmt":"2019-09-16T06:59:22","slug":"mentions-legales","status":"publish","type":"page","link":"https:\/\/www.spineguard.com\/fr\/mentions-legales\/","title":{"rendered":"Mentions L\u00e9gales"},"content":{"rendered":"<p>[et_pb_section fb_built=\u00a0\u00bb1&Prime; _builder_version=\u00a0\u00bb3.29.2&Prime; background_color=\u00a0\u00bb#007082&Prime; use_background_color_gradient=\u00a0\u00bbon\u00a0\u00bb background_color_gradient_start=\u00a0\u00bbrgba(0,112,130,0.52)\u00a0\u00bb background_color_gradient_end=\u00a0\u00bb#007082&Prime; background_color_gradient_direction=\u00a0\u00bb234deg\u00a0\u00bb background_color_gradient_start_position=\u00a0\u00bb15%\u00a0\u00bb background_color_gradient_overlays_image=\u00a0\u00bbon\u00a0\u00bb background_image=\u00a0\u00bbhttps:\/\/www.spineguard.com\/wp-content\/uploads\/bg-hexagone.svg\u00a0\u00bb custom_margin=\u00a0\u00bb||0px|||\u00a0\u00bb custom_padding=\u00a0\u00bb100px||90px||false|false\u00a0\u00bb bottom_divider_style=\u00a0\u00bbasymmetric3&Prime; bottom_divider_color=\u00a0\u00bb#ffffff\u00a0\u00bb locked=\u00a0\u00bboff\u00a0\u00bb fb_built=\u00a0\u00bb1&Prime; _i=\u00a0\u00bb0&Prime; _address=\u00a0\u00bb0&Prime;][et_pb_row make_equal=\u00a0\u00bbon\u00a0\u00bb _builder_version=\u00a0\u00bb3.26.3&Prime; custom_margin=\u00a0\u00bb-6px|auto||auto||\u00a0\u00bb custom_padding=\u00a0\u00bb0px||0px|||\u00a0\u00bb _i=\u00a0\u00bb0&Prime; _address=\u00a0\u00bb0.0&Prime;][et_pb_column type=\u00a0\u00bb4_4&Prime; module_class=\u00a0\u00bbds-vertical-align\u00a0\u00bb _builder_version=\u00a0\u00bb3.26.3&Prime; _i=\u00a0\u00bb0&Prime; _address=\u00a0\u00bb0.0.0&Prime;][et_pb_text admin_label=\u00a0\u00bbCartouche + H1 + 1 button\u00a0\u00bb _builder_version=\u00a0\u00bb3.29.2&Prime; text_text_color=\u00a0\u00bb#ffffff\u00a0\u00bb text_font_size=\u00a0\u00bb18px\u00a0\u00bb link_font_size=\u00a0\u00bb6px\u00a0\u00bb header_text_color=\u00a0\u00bb#ffffff\u00a0\u00bb header_font_size=\u00a0\u00bb59px\u00a0\u00bb header_2_text_color=\u00a0\u00bb#ffffff\u00a0\u00bb header_2_font_size=\u00a0\u00bb24px\u00a0\u00bb text_orientation=\u00a0\u00bbcenter\u00a0\u00bb custom_margin=\u00a0\u00bb-2px|||||\u00a0\u00bb custom_padding=\u00a0\u00bb||2px|||\u00a0\u00bb text_text_align=\u00a0\u00bbcenter\u00a0\u00bb _i=\u00a0\u00bb0&Prime; _address=\u00a0\u00bb0.0.0.0&Prime;]<\/p>\n<p class=\"ctn-parent-spn\"><span class=\"parent-spn\">SpineGuard<\/span><\/p>\n<h1>Mentions L\u00e9gales<\/h1>\n<p>[\/et_pb_text][\/et_pb_column][\/et_pb_row][\/et_pb_section][et_pb_section fb_built=\u00a0\u00bb1&Prime; _builder_version=\u00a0\u00bb3.25.3&Prime; locked=\u00a0\u00bboff\u00a0\u00bb fb_built=\u00a0\u00bb1&Prime; _i=\u00a0\u00bb1&Prime; _address=\u00a0\u00bb1&Prime;][et_pb_row _builder_version=\u00a0\u00bb3.25.3&Prime; _i=\u00a0\u00bb0&Prime; _address=\u00a0\u00bb1.0&Prime;][et_pb_column type=\u00a0\u00bb4_4&Prime; _builder_version=\u00a0\u00bb3.25.3&Prime; _i=\u00a0\u00bb0&Prime; _address=\u00a0\u00bb1.0.0&Prime;][et_pb_text _builder_version=\u00a0\u00bb3.29.2&Prime; text_line_height=\u00a0\u00bb1.5em\u00a0\u00bb hover_enabled=\u00a0\u00bb0&Prime; _i=\u00a0\u00bb0&Prime; _address=\u00a0\u00bb1.0.0.0&Prime;]<\/p>\n<h2 class=\"h2-spn\">Editeur<\/h2>\n<p>Le site internet <a href=\"https:\/\/www.spineguard.com\"> www.spineguard.com<\/a> est publi\u00e9 par SpineGuard, une entreprise r\u00e9gie sous la Loi Fran\u00e7aise en tant que Soci\u00e9t\u00e9 Anonyme, avec un capital de 1 747 115,80\u20ac. La soci\u00e9t\u00e9 est immatricul\u00e9e au Registre du Commerce et des Soci\u00e9t\u00e9s de Cr\u00e9teil sous le num\u00e9ro 510 179 559, dont le bureau enregistr\u00e9 se situe au 10 Cours Louis Lumi\u00e8re, 94300 Vincennes, France, TVA Intracommunautaire n\u00b0FR 36 510 179 559 00 32.<\/p>\n<p>Tel.: +33 (0)1 45 18 45 19<br \/>\nFax.: +33 (0)1 45 18 45 20<\/p>\n<p>Directeur de la publication : Patricia Lempereur, Directrice Ventes &#038; Marketing<br \/>\nComit\u00e9 de r\u00e9daction : D\u00e9partement Marketing<\/p>\n<h2 class=\"h2-spn\">H\u00e9bergement internet<\/h2>\n<p>Le site internet est h\u00e9berg\u00e9 par Gandi, une entreprise r\u00e9gie sous la Loi Fran\u00e7aise en tant que Soci\u00e9t\u00e9 par Actions Simplifi\u00e9e. La soci\u00e9t\u00e9 est immatricul\u00e9e au Registre du Commerce et des Soci\u00e9t\u00e9s de Paris sous le num\u00e9ro 423 093 459 00042, dont le bureau enregistr\u00e9 se situe au 63 Bd Massena, 75013 Paris, France.<\/p>\n<h2 class=\"h2-spn\">Donn\u00e9es personnelles et confidentialit\u00e9<\/h2>\n<p>Toutes les donn\u00e9es personnelles communiqu\u00e9es \u00e0 SpineGuard par le biais du site internet sont exclusivement trait\u00e9es par SpineGuard, en tant que contr\u00f4leur de donn\u00e9es, (R\u00e8glement (EU) 2016\/679 de l\u2019Assembl\u00e9e Parlementaire du Conseil de l\u2019Europe du 27 Avril 2016).<\/p>\n<p>La collecte des donn\u00e9es personnelles est strictement limit\u00e9e \u00e0 la mesure d\u2019audience, la gestion des candidatures (\u00ab Carri\u00e8re \u00bb) et des demandes de contact (\u00ab Contact \u00bb).<\/p>\n<p>La collecte des donn\u00e9es a pour objet :<\/p>\n<ul>\n<li>De mesurer l\u2019audience du site internet,<\/li>\n<li>De permettre \u00e0 SpineGuard de vous contacter afin de r\u00e9pondre \u00e0 vos demandes.<\/li>\n<\/ul>\n<p>Toute personne a le droit d\u2019acc\u00e9der \u00e0 ses donn\u00e9es personnelles et de limiter la collecte de ces donn\u00e9es. Vous pouvez demander \u00e0 ce que vos donn\u00e9es personnelles soient corrig\u00e9es ou supprim\u00e9es (R\u00e8glementation (EU) 2016\/679 de l\u2019Assembl\u00e9e Parlementaire du Conseil de l\u2019Europe du 27 Avril 2016 et de la Loi n\u00b078-17 du 6 Janvier 1978 telle que modifi\u00e9e).<\/p>\n<p>Pour de telles demandes, veuillez contacter SpineGuard par courrier au 10 Cours Louis Lumi\u00e8re, 94300 Vincennes, France ou par email  <a href=\"mailto:contact@spineguard.com\">contact@spineguard.com<\/a>.<\/p>\n<h2 class=\"h2-spn\">Droit d\u2019auteur &#038; Marques<\/h2>\n<p>\u00a9SpineGuard 2019<br \/>\nToutes les marques du site internet sont la propri\u00e9t\u00e9 de SpineGuard, sauf indication contraire. L\u2019utilisation de ces marques ou d\u2019autres mat\u00e9riels est express\u00e9ment interdite et constitue une violation du droit d\u2019auteur, des droits de marques ou tout autre droit de propri\u00e9t\u00e9 industrielle.<\/p>\n<h2 class=\"h2-spn\">Cr\u00e9dits<\/h2>\n<p>Design, d\u00e9veloppement et cr\u00e9ations graphiques : <a href=\"https:\/\/aldigirolamo.fr\">Al Di Girolamo<\/a>[\/et_pb_text][\/et_pb_column][\/et_pb_row][\/et_pb_section]<\/p>\n","protected":false},"excerpt":{"rendered":"<p>SpineGuard Mentions L\u00e9galesEditeur Le site internet www.spineguard.com est publi\u00e9 par SpineGuard, une entreprise r\u00e9gie sous la Loi Fran\u00e7aise en tant que Soci\u00e9t\u00e9 Anonyme, avec un capital de 1 747 115,80\u20ac. La soci\u00e9t\u00e9 est immatricul\u00e9e au Registre du Commerce et des Soci\u00e9t\u00e9s de Cr\u00e9teil sous le num\u00e9ro 510 179 559, dont le bureau enregistr\u00e9 se situe [&hellip;]<\/p>\n","protected":false},"author":1,"featured_media":0,"parent":0,"menu_order":0,"comment_status":"closed","ping_status":"closed","template":"","meta":{"_et_pb_use_builder":"on","_et_pb_old_content":"","_et_gb_content_width":"","footnotes":""},"class_list":["post-1294","page","type-page","status-publish","hentry"],"_links":{"self":[{"href":"https:\/\/www.spineguard.com\/fr\/wp-json\/wp\/v2\/pages\/1294","targetHints":{"allow":["GET"]}}],"collection":[{"href":"https:\/\/www.spineguard.com\/fr\/wp-json\/wp\/v2\/pages"}],"about":[{"href":"https:\/\/www.spineguard.com\/fr\/wp-json\/wp\/v2\/types\/page"}],"author":[{"embeddable":true,"href":"https:\/\/www.spineguard.com\/fr\/wp-json\/wp\/v2\/users\/1"}],"replies":[{"embeddable":true,"href":"https:\/\/www.spineguard.com\/fr\/wp-json\/wp\/v2\/comments?post=1294"}],"version-history":[{"count":0,"href":"https:\/\/www.spineguard.com\/fr\/wp-json\/wp\/v2\/pages\/1294\/revisions"}],"wp:attachment":[{"href":"https:\/\/www.spineguard.com\/fr\/wp-json\/wp\/v2\/media?parent=1294"}],"curies":[{"name":"wp","href":"https:\/\/api.w.org\/{rel}","templated":true}]}}