{"id":3863,"date":"2021-02-12T14:54:23","date_gmt":"2021-02-12T13:54:23","guid":{"rendered":"https:\/\/www.spineguard.com\/?page_id=3863"},"modified":"2021-09-15T18:15:50","modified_gmt":"2021-09-15T16:15:50","slug":"loi-bertrand","status":"publish","type":"page","link":"https:\/\/www.spineguard.com\/fr\/loi-bertrand\/","title":{"rendered":"Loi Bertrand"},"content":{"rendered":"<p>[et_pb_section fb_built=\u00a0\u00bb1&Prime; _builder_version=\u00a0\u00bb3.26.6&Prime; background_color=\u00a0\u00bb#007082&Prime; use_background_color_gradient=\u00a0\u00bbon\u00a0\u00bb background_color_gradient_start=\u00a0\u00bbrgba(0,112,130,0.52)\u00a0\u00bb background_color_gradient_end=\u00a0\u00bb#007082&Prime; background_color_gradient_direction=\u00a0\u00bb234deg\u00a0\u00bb background_color_gradient_start_position=\u00a0\u00bb15%\u00a0\u00bb background_color_gradient_overlays_image=\u00a0\u00bbon\u00a0\u00bb background_image=\u00a0\u00bbhttps:\/\/www.spineguard.com\/wp-content\/uploads\/bg-hexagone.svg\u00a0\u00bb background_position=\u00a0\u00bbbottom_right\u00a0\u00bb custom_margin=\u00a0\u00bb||0px|||\u00a0\u00bb custom_padding=\u00a0\u00bb100px||90px||false|false\u00a0\u00bb bottom_divider_style=\u00a0\u00bbasymmetric3&Prime; bottom_divider_color=\u00a0\u00bb#ffffff\u00a0\u00bb locked=\u00a0\u00bboff\u00a0\u00bb global_colors_info=\u00a0\u00bb{}\u00a0\u00bb][et_pb_row make_equal=\u00a0\u00bbon\u00a0\u00bb _builder_version=\u00a0\u00bb3.26.3&Prime; custom_margin=\u00a0\u00bb-6px|auto||auto||\u00a0\u00bb custom_padding=\u00a0\u00bb0px||0px|||\u00a0\u00bb global_colors_info=\u00a0\u00bb{}\u00a0\u00bb][et_pb_column type=\u00a0\u00bb4_4&Prime; module_class=\u00a0\u00bbds-vertical-align\u00a0\u00bb _builder_version=\u00a0\u00bb3.26.3&Prime; global_colors_info=\u00a0\u00bb{}\u00a0\u00bb][et_pb_text admin_label=\u00a0\u00bbCartouche + H1 + 1 button\u00a0\u00bb _builder_version=\u00a0\u00bb4.10.3&Prime; text_text_color=\u00a0\u00bb#ffffff\u00a0\u00bb text_font_size=\u00a0\u00bb18px\u00a0\u00bb link_font_size=\u00a0\u00bb6px\u00a0\u00bb header_text_color=\u00a0\u00bb#ffffff\u00a0\u00bb header_font_size=\u00a0\u00bb59px\u00a0\u00bb header_2_text_color=\u00a0\u00bb#ffffff\u00a0\u00bb header_2_font_size=\u00a0\u00bb24px\u00a0\u00bb text_orientation=\u00a0\u00bbcenter\u00a0\u00bb custom_margin=\u00a0\u00bb-2px|||||\u00a0\u00bb custom_padding=\u00a0\u00bb||2px|||\u00a0\u00bb text_text_align=\u00a0\u00bbcenter\u00a0\u00bb global_colors_info=\u00a0\u00bb{}\u00a0\u00bb]<\/p>\n<p class=\"ctn-parent-spn\"><span class=\"parent-spn\">SpineGuard<\/span><\/p>\n<h1>Loi Bertrand<\/h1>\n<p><a class=\"btn-spn white-btn-ctn  hvr-sweep-to-right\" href=\"https:\/\/www.spineguard.com\/fr\/contact\/\">Contactez nous<\/a><\/p>\n<p>[\/et_pb_text][\/et_pb_column][\/et_pb_row][\/et_pb_section][et_pb_section fb_built=\u00a0\u00bb1&Prime; _builder_version=\u00a0\u00bb4.8.2&Prime; _module_preset=\u00a0\u00bbdefault\u00a0\u00bb global_colors_info=\u00a0\u00bb{}\u00a0\u00bb][et_pb_row column_structure=\u00a0\u00bb1_3,1_3,1_3&Prime; admin_label=\u00a0\u00bbLoi Bertrand\u00a0\u00bb _builder_version=\u00a0\u00bb4.8.2&Prime; _module_preset=\u00a0\u00bbdefault\u00a0\u00bb custom_margin=\u00a0\u00bb|auto|-1px|auto||\u00a0\u00bb global_colors_info=\u00a0\u00bb{}\u00a0\u00bb][et_pb_column type=\u00a0\u00bb1_3&Prime; _builder_version=\u00a0\u00bb4.8.2&Prime; _module_preset=\u00a0\u00bbdefault\u00a0\u00bb global_colors_info=\u00a0\u00bb{}\u00a0\u00bb][et_pb_toggle title=\u00a0\u00bb2012&Prime; admin_label=\u00a0\u00bb2012&Prime; _builder_version=\u00a0\u00bb4.8.2&Prime; _module_preset=\u00a0\u00bbdefault\u00a0\u00bb global_colors_info=\u00a0\u00bb{}\u00a0\u00bb]<\/p>\n<p><a href=\"https:\/\/www.spineguard.com\/wp-content\/uploads\/Avantages-Consentis-2012.pdf\">Avantages consentis<\/a><\/p>\n<p><a href=\"https:\/\/www.spineguard.com\/wp-content\/uploads\/Conventions-2012.pdf\">Conventions<\/a><\/p>\n<p>[\/et_pb_toggle][et_pb_toggle title=\u00a0\u00bb2013&Prime; admin_label=\u00a0\u00bb2013&Prime; _builder_version=\u00a0\u00bb4.8.2&Prime; _module_preset=\u00a0\u00bbdefault\u00a0\u00bb global_colors_info=\u00a0\u00bb{}\u00a0\u00bb]<\/p>\n<p><a href=\"https:\/\/www.spineguard.com\/wp-content\/uploads\/Avantages-Consentis-S1-2013.pdf\">Avantages consentis S1<\/a><br \/><a href=\"https:\/\/www.spineguard.com\/wp-content\/uploads\/Avantages-Consentis-S2-2013.pdf\">Avantages consentis S2<\/a><br \/><a href=\"https:\/\/www.spineguard.com\/wp-content\/uploads\/Conventions-S1-2013.pdf\">Conventions S1<\/a><br \/><a href=\"https:\/\/www.spineguard.com\/wp-content\/uploads\/Conventions-S2-2013.pdf\">Conventions S2<\/a><\/p>\n<p>[\/et_pb_toggle][et_pb_toggle title=\u00a0\u00bb2014&Prime; admin_label=\u00a0\u00bb2014&Prime; _builder_version=\u00a0\u00bb4.9.4&Prime; _module_preset=\u00a0\u00bbdefault\u00a0\u00bb global_colors_info=\u00a0\u00bb{}\u00a0\u00bb]<\/p>\n<p><a href=\"https:\/\/www.spineguard.com\/wp-content\/uploads\/Avantages-Consentis-S1-2014.pdf\">Avantages consentis S1<\/a><br \/><a href=\"https:\/\/www.spineguard.com\/wp-content\/uploads\/Avantages-Consentis-S2-2014.pdf\">Avantages consentis S2<\/a><br \/><a href=\"https:\/\/www.spineguard.com\/wp-content\/uploads\/Conventions-S1-2014.pdf\">Conventions S1<\/a><br \/><a href=\"https:\/\/www.spineguard.com\/wp-content\/uploads\/Conventions-S2-2014.pdf\">Conventions S2<\/a><\/p>\n<p>[\/et_pb_toggle][et_pb_toggle title=\u00a0\u00bb2015&Prime; admin_label=\u00a0\u00bb2015&Prime; _builder_version=\u00a0\u00bb4.8.2&Prime; _module_preset=\u00a0\u00bbdefault\u00a0\u00bb global_colors_info=\u00a0\u00bb{}\u00a0\u00bb]<\/p>\n<p><a href=\"https:\/\/www.spineguard.com\/wp-content\/uploads\/Avantages-Consentis-S1-2015.pdf\">Avantages consentis S1<\/a><br \/><a href=\"https:\/\/www.spineguard.com\/wp-content\/uploads\/Avantages-consentis-S2-2015.pdf\">Avantages consentis S2<\/a><br \/><a href=\"https:\/\/www.spineguard.com\/wp-content\/uploads\/Conventions-S1-2015.pdf\">Conventions S1<\/a><br \/><a href=\"https:\/\/www.spineguard.com\/wp-content\/uploads\/Conventions-S2-2015.pdf\">Conventions S2<\/a><\/p>\n<p>[\/et_pb_toggle][\/et_pb_column][et_pb_column type=\u00a0\u00bb1_3&Prime; _builder_version=\u00a0\u00bb4.8.2&Prime; _module_preset=\u00a0\u00bbdefault\u00a0\u00bb global_colors_info=\u00a0\u00bb{}\u00a0\u00bb][et_pb_toggle title=\u00a0\u00bb2016&Prime; admin_label=\u00a0\u00bb2016&Prime; _builder_version=\u00a0\u00bb4.8.2&Prime; _module_preset=\u00a0\u00bbdefault\u00a0\u00bb global_colors_info=\u00a0\u00bb{}\u00a0\u00bb]<\/p>\n<p><a href=\"https:\/\/www.spineguard.com\/wp-content\/uploads\/Conventions-S1-2016.pdf\">Avantages consentis S1<\/a><br \/><a href=\"https:\/\/www.spineguard.com\/wp-content\/uploads\/Avantages-consentis-S2-2016.pdf\">Avantages consentis S2<\/a><br \/><a href=\"https:\/\/www.spineguard.com\/wp-content\/uploads\/Conventions-S1-2016.pdf\">Conventions S1<\/a><br \/><a href=\"https:\/\/www.spineguard.com\/wp-content\/uploads\/Conventions-S2-2016.pdf\">Conventions S2<\/a><\/p>\n<p>[\/et_pb_toggle][et_pb_toggle title=\u00a0\u00bb2017&Prime; admin_label=\u00a0\u00bb2017&Prime; _builder_version=\u00a0\u00bb4.10.3&Prime; _module_preset=\u00a0\u00bbdefault\u00a0\u00bb global_colors_info=\u00a0\u00bb{}\u00a0\u00bb]<\/p>\n<p><a href=\"https:\/\/www.spineguard.com\/wp-content\/uploads\/Avantages-consentis-S1-2017.pdf\">Avantages consentis S1<\/a><br \/><a href=\"https:\/\/www.spineguard.com\/wp-content\/uploads\/Avantages-Consentis-S2-2017.pdf\">Avantages consentis S2<\/a><br \/><a href=\"https:\/\/www.spineguard.com\/wp-content\/uploads\/Conventions-S1-2017.pdf\">Conventions S1<\/a><br \/><a href=\"https:\/\/www.spineguard.com\/wp-content\/uploads\/Conventions-S2-2017.pdf\">Conventions S2<\/a><\/p>\n<p>[\/et_pb_toggle][et_pb_toggle title=\u00a0\u00bb2018&Prime; admin_label=\u00a0\u00bb2018&Prime; _builder_version=\u00a0\u00bb4.10.3&Prime; _module_preset=\u00a0\u00bbdefault\u00a0\u00bb global_colors_info=\u00a0\u00bb{}\u00a0\u00bb]<\/p>\n<p><a href=\"https:\/\/www.spineguard.com\/wp-content\/uploads\/Avantages-Consentis-S1-2018.pdf\">Avantages consentis S1<\/a><br \/><a href=\"https:\/\/www.spineguard.com\/wp-content\/uploads\/Avantages-Consentis-S2-2018.pdf\">Avantages consentis S2<\/a><br \/><a href=\"https:\/\/www.spineguard.com\/wp-content\/uploads\/Conventions-S1-2018.pdf\">Conventions S1<\/a><br \/><a href=\"https:\/\/www.spineguard.com\/wp-content\/uploads\/Conventions-2018.pdf\">Conventions S2<\/a><\/p>\n<p>[\/et_pb_toggle][et_pb_toggle title=\u00a0\u00bb2019&Prime; admin_label=\u00a0\u00bb2019&Prime; _builder_version=\u00a0\u00bb4.10.3&Prime; _module_preset=\u00a0\u00bbdefault\u00a0\u00bb hover_enabled=\u00a0\u00bb0&Prime; global_colors_info=\u00a0\u00bb{}\u00a0\u00bb sticky_enabled=\u00a0\u00bb0&Prime;]<\/p>\n<p><a href=\"https:\/\/www.spineguard.com\/wp-content\/uploads\/Avantages-Consentis-S1-2019.pdf\">Avantages consentis S1<\/a><br \/><a href=\"https:\/\/www.spineguard.com\/wp-content\/uploads\/Avantages-Consentis-S2-2019.pdf\">Avantages consentis S2<\/a><br \/>Conventions S1<br \/>Conventions S2<\/p>\n<p>[\/et_pb_toggle][\/et_pb_column][et_pb_column type=\u00a0\u00bb1_3&Prime; _builder_version=\u00a0\u00bb4.8.2&Prime; _module_preset=\u00a0\u00bbdefault\u00a0\u00bb global_colors_info=\u00a0\u00bb{}\u00a0\u00bb][et_pb_toggle title=\u00a0\u00bb2020&Prime; admin_label=\u00a0\u00bb2020&Prime; _builder_version=\u00a0\u00bb4.10.3&Prime; _module_preset=\u00a0\u00bbdefault\u00a0\u00bb global_colors_info=\u00a0\u00bb{}\u00a0\u00bb]<\/p>\n<p><a href=\"https:\/\/www.spineguard.com\/wp-content\/uploads\/Avantages-Consentis-S1-2020.pdf\">Avantages consentis S1<\/a><br \/>Avantages consentis S2<br \/><a href=\"https:\/\/www.spineguard.com\/wp-content\/uploads\/Convention-S1-2021.pdf\">Conventions S1<\/a><\/p>\n<p>[\/et_pb_toggle][et_pb_toggle title=\u00a0\u00bb2021&Prime; admin_label=\u00a0\u00bb2021&Prime; _builder_version=\u00a0\u00bb4.10.3&Prime; _module_preset=\u00a0\u00bbdefault\u00a0\u00bb global_colors_info=\u00a0\u00bb{}\u00a0\u00bb]<\/p>\n<p><a href=\"https:\/\/www.spineguard.com\/wp-content\/uploads\/Avantages-Consentis-S1-2021.pdf\">Avantages consentis S1<\/a><br \/>Avantages consentis S2<br \/><a href=\"https:\/\/www.spineguard.com\/wp-content\/uploads\/Convention-S1-2021.pdf\">Conventions S1<\/a><br \/>Conventions S2<\/p>\n<p>[\/et_pb_toggle][\/et_pb_column][\/et_pb_row][et_pb_row _builder_version=\u00a0\u00bb4.8.2&Prime; _module_preset=\u00a0\u00bbdefault\u00a0\u00bb global_colors_info=\u00a0\u00bb{}\u00a0\u00bb][et_pb_column type=\u00a0\u00bb4_4&Prime; _builder_version=\u00a0\u00bb4.8.2&Prime; _module_preset=\u00a0\u00bbdefault\u00a0\u00bb global_colors_info=\u00a0\u00bb{}\u00a0\u00bb][et_pb_text _builder_version=\u00a0\u00bb4.8.2&Prime; _module_preset=\u00a0\u00bbdefault\u00a0\u00bb global_colors_info=\u00a0\u00bb{}\u00a0\u00bb]<\/p>\n<p>La loi du 29 d\u00e9cembre 2011 relative au renforcement de la s\u00e9curit\u00e9 sanitaire du m\u00e9dicament et des produits de sant\u00e9 garantit l&rsquo;ind\u00e9pendance et l&rsquo;impartialit\u00e9 des d\u00e9cisions prises en mati\u00e8re de sant\u00e9. Elle impose la transparence des liens entre les industries de sant\u00e9 et les autres acteurs du champ de la sant\u00e9, professionnels de sant\u00e9, \u00e9tudiants, soci\u00e9t\u00e9s savantes, associations, m\u00e9dias, etc.<\/p>\n<p>Les entreprises produisant ou commercialisant des produits \u00e0 finalit\u00e9 sanitaire doivent rendre publics les avantages accord\u00e9s aux diff\u00e9rents acteurs intervenant dans le champ de la sant\u00e9, notamment aux professionnels de sant\u00e9, ainsi que l&rsquo;existence des conventions conclues avec ces acteurs et les r\u00e9mun\u00e9rations vers\u00e9es.<\/p>\n<p>Cette obligation d\u00e9coule de l&rsquo;article\u00a0<a href=\"https:\/\/www.legifrance.gouv.fr\/affichCodeArticle.do?idArticle=LEGIARTI000025073123&amp;cidTexte=LEGITEXT000006072665&amp;dateTexte=20130906&amp;oldAction=rechCodeArticle\">L. 1453-1<\/a>\u00a0du Code de la sant\u00e9 publique et de ses textes d&rsquo;application (articles\u00a0<a href=\"http:\/\/www.legifrance.gouv.fr\/affichCodeArticle.do?idArticle=LEGIARTI000027434595&amp;cidTexte=LEGITEXT000006072665&amp;dateTexte=20130527&amp;oldAction=rechCodeArticle\">D. 1453-1<\/a>\u00a0\u00e0 R. 1453-9 du Code de la sant\u00e9 publique, arr\u00eat\u00e9 du\u00a0<a href=\"https:\/\/www.legifrance.gouv.fr\/affichTexte.do?cidTexte=JORFTEXT000034273056&amp;categorieLien=id\">22 mars 2017<\/a>\u00a0et\u00a0<a href=\"http:\/\/circulaires.legifrance.gouv.fr\/pdf\/2017\/06\/cir_42320.pdf\">note d&rsquo;information du 29 mai 2017<\/a>).<\/p>\n<p>Conform\u00e9ment \u00e0 la Loi fran\u00e7aise \u00ab\u00a0Informatique et libert\u00e9s\u00a0\u00bb n\u00b078-17 du 6 janvier 1978, Vous disposez d&rsquo;un droit d&rsquo;acc\u00e8s, de modification et de rectification aux donn\u00e9es vous concernant et vous pouvez exercer ce droit en vous adressant \u00e0 l&rsquo;adresse suivante : <a href=\"mailto:contact@spineguard.com\">contact@spineguard.com<\/a><\/p>\n<p>[\/et_pb_text][\/et_pb_column][\/et_pb_row][\/et_pb_section]<\/p>\n","protected":false},"excerpt":{"rendered":"<p>SpineGuard Loi Bertrand Contactez nousAvantages consentis ConventionsAvantages consentis S1Avantages consentis S2Conventions S1Conventions S2Avantages consentis S1Avantages consentis S2Conventions S1Conventions S2Avantages consentis S1Avantages consentis S2Conventions S1Conventions S2Avantages consentis S1Avantages consentis S2Conventions S1Conventions S2Avantages consentis S1Avantages consentis S2Conventions S1Conventions S2Avantages consentis S1Avantages consentis S2Conventions S1Conventions S2Avantages consentis S1Avantages consentis S2Conventions S1Conventions S2Avantages consentis S1Avantages consentis S2Conventions S1Avantages consentis [&hellip;]<\/p>\n","protected":false},"author":2,"featured_media":0,"parent":0,"menu_order":0,"comment_status":"closed","ping_status":"closed","template":"","meta":{"_et_pb_use_builder":"on","_et_pb_old_content":"","_et_gb_content_width":"","footnotes":""},"class_list":["post-3863","page","type-page","status-publish","hentry"],"_links":{"self":[{"href":"https:\/\/www.spineguard.com\/fr\/wp-json\/wp\/v2\/pages\/3863","targetHints":{"allow":["GET"]}}],"collection":[{"href":"https:\/\/www.spineguard.com\/fr\/wp-json\/wp\/v2\/pages"}],"about":[{"href":"https:\/\/www.spineguard.com\/fr\/wp-json\/wp\/v2\/types\/page"}],"author":[{"embeddable":true,"href":"https:\/\/www.spineguard.com\/fr\/wp-json\/wp\/v2\/users\/2"}],"replies":[{"embeddable":true,"href":"https:\/\/www.spineguard.com\/fr\/wp-json\/wp\/v2\/comments?post=3863"}],"version-history":[{"count":17,"href":"https:\/\/www.spineguard.com\/fr\/wp-json\/wp\/v2\/pages\/3863\/revisions"}],"predecessor-version":[{"id":5644,"href":"https:\/\/www.spineguard.com\/fr\/wp-json\/wp\/v2\/pages\/3863\/revisions\/5644"}],"wp:attachment":[{"href":"https:\/\/www.spineguard.com\/fr\/wp-json\/wp\/v2\/media?parent=3863"}],"curies":[{"name":"wp","href":"https:\/\/api.w.org\/{rel}","templated":true}]}}